{"id":965,"date":"2025-04-27T08:14:28","date_gmt":"2025-04-27T08:14:28","guid":{"rendered":"https:\/\/www.canserbetcihukuk.com\/?page_id=965"},"modified":"2025-05-03T08:22:13","modified_gmt":"2025-05-03T08:22:13","slug":"sorumluluklarimiz","status":"publish","type":"page","link":"https:\/\/www.canserbetcihukuk.com\/en\/sorumluluklarimiz\/","title":{"rendered":"OUR RESPONSIBILITIES"},"content":{"rendered":"<div class=\"wpb-content-wrapper\"><div class=\"vc_row wpb_row vc_row-fluid\"><div class=\"wpb_column vc_column_container vc_col-sm-12\"><div class=\"vc_column-inner\"><div class=\"wpb_wrapper\"><div id=\"cz_86071\" class=\"cz_86071 cz_title clr cz_title_pos_inline tac\"><div class=\"cz_title_shape shape_image cz_shape_1\"><img decoding=\"async\" width=\"200\" height=\"154\" src=\"https:\/\/www.canserbetcihukuk.com\/wp-content\/uploads\/2025\/05\/baslik-logo-2.png\" class=\"attachment-full\" alt=\"\" title=\"baslik-logo\" srcset=\"https:\/\/www.canserbetcihukuk.com\/wp-content\/uploads\/2025\/05\/baslik-logo-2.png 200w, https:\/\/www.canserbetcihukuk.com\/wp-content\/uploads\/2025\/05\/baslik-logo-2-16x12.png 16w\" sizes=\"(max-width: 200px) 100vw, 200px\" \/><\/div><div class=\"cz_title_content\"><div class=\"cz_wpe_content\"><p style=\"text-align: center;\"><strong><span style=\"font-family: Montserrat; font-size: 36px; color: #666666;\"><span style=\"color: #000001;\">OUR RESPONSIBILITIES<\/span><\/span><\/strong><\/p>\n<\/div><\/div><\/div><div class=\"cz_gap clr  hide_on_mobile\" style=\"height: 85px\"><\/div><div class=\"cz_gap show_on_mobile clr\" style=\"height: 85px\"><\/div><\/div><\/div><\/div><\/div><div class=\"vc_row wpb_row vc_row-fluid\"><div class=\"wpb_column vc_column_container vc_col-sm-12\"><div class=\"vc_column-inner\"><div class=\"wpb_wrapper\"><div class=\"cz_gap clr  hide_on_mobile\" style=\"height: 20px\"><\/div><div class=\"cz_gap show_on_mobile clr\" style=\"height: 10px\"><\/div><\/div><\/div><\/div><\/div><div class=\"vc_row wpb_row vc_row-fluid\"><div class=\"wpb_column vc_column_container vc_col-sm-12\"><div class=\"vc_column-inner\"><div class=\"wpb_wrapper\">\n\t<div class=\"wpb_text_column wpb_content_element\" >\n\t\t<div class=\"wpb_wrapper\">\n\t\t\t<p style=\"text-align: justify;\">Since the very first day of our journey, we have been aware that law cannot be separated from people, nor can social order be separated from legal principles. This is a reality reflected both in certain legal provisions and in everyday social life.\nThis aspect of law has not only shaped us\u2014since our university years\u2014into active, solution-oriented individuals who respect differences, but has also allowed us to gain legal experience in various fields.\n\nWhen setting our goals, we act with the mindset of identifying the areas where we can make the most meaningful impact, contribute positively to people\u2019s lives, and strengthen our social connections.\nIn line with these objectives, here is what we have done:<\/p>\n\n\t\t<\/div>\n\t<\/div>\n<ul id=\"cz_99157\" class=\"cz_99157 cz_stylish_list clr cz_sl_icon_hover_none\"><li class=\"clr\"><div class=\"cz_sl_icon\"><i class=\"fa fa-angle-right mr10\"><\/i><\/div><div><span>Various Social Responsibility Projects \u2013 Ba\u015fkent University | Can \u015eERBET\u00c7\u0130<\/span><\/div><\/li><li class=\"clr\"><div class=\"cz_sl_icon\"><i class=\"fa fa-angle-right mr10\"><\/i><\/div><div><span>2010\u20132011 Marmaris Trainee Lawyers Congress \u2013 Representative | Can \u015eERBET\u00c7\u0130 <\/span><\/div><\/li><li class=\"clr\"><div class=\"cz_sl_icon\"><i class=\"fa fa-angle-right mr10\"><\/i><\/div><div><span>2011\u20132016 Member, Adana G\u00fcney Rotaract Club | Can \u015eERBET\u00c7\u0130 <\/span><\/div><\/li><li class=\"clr\"><div class=\"cz_sl_icon\"><i class=\"fa fa-angle-right mr10\"><\/i><\/div><div><span>2015 Head of Personal Development Organization \u2013 Do\u011fa Schools &amp; U\u011fur Schools | Can \u015eERBET\u00c7\u0130 <\/span><\/div><\/li><li class=\"clr\"><div class=\"cz_sl_icon\"><i class=\"fa fa-angle-right mr10\"><\/i><\/div><div><span>2014\u20132015 President, Adana G\u00fcney Rotaract Club | Can \u015eERBET\u00c7\u0130 <\/span><\/div><\/li><li class=\"clr\"><div class=\"cz_sl_icon\"><i class=\"fa fa-angle-right mr10\"><\/i><\/div><div><span>2017\u2013Present Member, Adana G\u00fcney Rotary Club | Can \u015eERBET\u00c7\u0130 <\/span><\/div><\/li><li class=\"clr\"><div class=\"cz_sl_icon\"><i class=\"fa fa-angle-right mr10\"><\/i><\/div><div><span>2024 Founding Member, Galatasarayl\u0131 Executive Businesspeople Association (GSY\u0130AD) | Can \u015eERBET\u00c7\u0130 <\/span><\/div><\/li><li class=\"clr\"><div class=\"cz_sl_icon\"><i class=\"fa fa-angle-right mr10\"><\/i><\/div><div><span>2021 Member, ELSA Adana (The European Law Students\u2019 Association) | O\u011fulcan \u00d6ZER<\/span><\/div><\/li><li class=\"clr\"><div class=\"cz_sl_icon\"><i class=\"fa fa-angle-right mr10\"><\/i><\/div><div><span>2022\u20132023 Director of Seminars &amp; Conferences, Young Jurists Club | O\u011fulcan \u00d6ZER <\/span><\/div><\/li><li class=\"clr\"><div class=\"cz_sl_icon\"><i class=\"fa fa-angle-right mr10\"><\/i><\/div><div><span>2023\u20132024 Secretary General, Young Jurists Club | O\u011fulcan \u00d6ZER <\/span><\/div><\/li><li class=\"clr\"><div class=\"cz_sl_icon\"><i class=\"fa fa-angle-right mr10\"><\/i><\/div><div><span>2022\u20132024 Director of Academic Activities, ELSA Adana (The European Law Students\u2019 Association) | O\u011fulcan \u00d6ZER<\/span><\/div><\/li><li class=\"clr\"><div class=\"cz_sl_icon\"><i class=\"fa fa-angle-right mr10\"><\/i><\/div><div><span>2023\u20132024 Director of Academic Activities, ELSA Turkey (The European Law Students\u2019 Association) | O\u011fulcan \u00d6ZER<\/span><\/div><\/li><li class=\"clr\"><div class=\"cz_sl_icon\"><i class=\"fa fa-angle-right mr10\"><\/i><\/div><div><span>2024 Member, Young ISTAC (Istanbul Arbitration Centre) | O\u011fulcan \u00d6ZER<\/span><\/div><\/li><li class=\"clr\"><div class=\"cz_sl_icon\"><i class=\"fa fa-angle-right mr10\"><\/i><\/div><div><span>2024\u20132025 Vice President for Seminars &amp; Conferences, ELSA Adana (The European Law Students\u2019 Association) | O\u011fulcan \u00d6ZER<\/span><\/div><\/li><li class=\"clr\"><div class=\"cz_sl_icon\"><i class=\"fa fa-angle-right mr10\"><\/i><\/div><div><span>2024 Summer Law School \u2013 Organization Team Member | O\u011fulcan \u00d6ZER<\/span><\/div><\/li><li class=\"clr\"><div class=\"cz_sl_icon\"><i class=\"fa fa-angle-right mr10\"><\/i><\/div><div><span>2025 Summer Law School Head of organization team - O\u011fulcan \u00d6ZER<\/span><\/div><\/li><li class=\"clr\"><div class=\"cz_sl_icon\"><i class=\"fa fa-angle-right mr10\"><\/i><\/div><div><span>2025 International Internship Program \u2013 Office Coordinator | O\u011fulcan \u00d6ZER<\/span><\/div><\/li><\/ul><\/div><\/div><\/div><\/div>\n<\/div>","protected":false},"excerpt":{"rendered":"SORUMLULUKLARIMIZ Yola \u00e7\u0131kt\u0131\u011f\u0131m\u0131z ilk g\u00fcnden beri hukukun insandan insan\u0131n hukuk ve toplum d\u00fczeninden ayr\u0131 olamayaca\u011f\u0131n\u0131n bilincindeyiz. Bu durum gerek baz\u0131","protected":false},"author":1,"featured_media":0,"parent":0,"menu_order":0,"comment_status":"closed","ping_status":"closed","template":"","meta":{"footnotes":""},"class_list":["post-965","page","type-page","status-publish","hentry"],"_links":{"self":[{"href":"https:\/\/www.canserbetcihukuk.com\/en\/wp-json\/wp\/v2\/pages\/965","targetHints":{"allow":["GET"]}}],"collection":[{"href":"https:\/\/www.canserbetcihukuk.com\/en\/wp-json\/wp\/v2\/pages"}],"about":[{"href":"https:\/\/www.canserbetcihukuk.com\/en\/wp-json\/wp\/v2\/types\/page"}],"author":[{"embeddable":true,"href":"https:\/\/www.canserbetcihukuk.com\/en\/wp-json\/wp\/v2\/users\/1"}],"replies":[{"embeddable":true,"href":"https:\/\/www.canserbetcihukuk.com\/en\/wp-json\/wp\/v2\/comments?post=965"}],"version-history":[{"count":8,"href":"https:\/\/www.canserbetcihukuk.com\/en\/wp-json\/wp\/v2\/pages\/965\/revisions"}],"predecessor-version":[{"id":992,"href":"https:\/\/www.canserbetcihukuk.com\/en\/wp-json\/wp\/v2\/pages\/965\/revisions\/992"}],"wp:attachment":[{"href":"https:\/\/www.canserbetcihukuk.com\/en\/wp-json\/wp\/v2\/media?parent=965"}],"curies":[{"name":"wp","href":"https:\/\/api.w.org\/{rel}","templated":true}]}}