{"id":805,"date":"2024-02-14T14:12:08","date_gmt":"2024-02-14T14:12:08","guid":{"rendered":"https:\/\/www.canserbetcihukuk.com\/?page_id=805"},"modified":"2025-05-03T08:35:50","modified_gmt":"2025-05-03T08:35:50","slug":"gizlilik-politikasi-ve-kvkk-aydinlatma-metni","status":"publish","type":"page","link":"https:\/\/www.canserbetcihukuk.com\/en\/gizlilik-politikasi-ve-kvkk-aydinlatma-metni\/","title":{"rendered":"Privacy Policy and KVKK Clarification Text"},"content":{"rendered":"<div class=\"wpb-content-wrapper\"><div class=\"vc_row wpb_row vc_row-fluid\"><div class=\"wpb_column vc_column_container vc_col-sm-12\"><div class=\"vc_column-inner\"><div class=\"wpb_wrapper\"><div id=\"cz_43221\" class=\"cz_43221 cz_title clr cz_title_pos_inline tac\"><div class=\"cz_title_shape shape_image cz_shape_1\"><img decoding=\"async\" width=\"200\" height=\"154\" src=\"https:\/\/www.canserbetcihukuk.com\/wp-content\/uploads\/2025\/05\/baslik-logo-2.png\" class=\"attachment-full\" alt=\"\" title=\"baslik-logo\" srcset=\"https:\/\/www.canserbetcihukuk.com\/wp-content\/uploads\/2025\/05\/baslik-logo-2.png 200w, https:\/\/www.canserbetcihukuk.com\/wp-content\/uploads\/2025\/05\/baslik-logo-2-16x12.png 16w\" sizes=\"(max-width: 200px) 100vw, 200px\" \/><\/div><div class=\"cz_title_content\"><div class=\"cz_wpe_content\"><p style=\"text-align: center;\"><strong><span style=\"font-family: Montserrat; font-size: 36px; color: #666666;\"><span style=\"color: #000001;\">KVKK AYDINLATMA METN\u0130<\/span><\/span><\/strong><\/p>\n<\/div><\/div><\/div><div class=\"cz_gap clr  hide_on_mobile\" style=\"height: 85px\"><\/div><div class=\"cz_gap show_on_mobile clr\" style=\"height: 85px\"><\/div><\/div><\/div><\/div><\/div><div class=\"vc_row wpb_row vc_row-fluid\"><div class=\"wpb_column vc_column_container vc_col-sm-12\"><div class=\"vc_column-inner\"><div class=\"wpb_wrapper\"><div class=\"cz_gap clr  hide_on_mobile\" style=\"height: 20px\"><\/div><div class=\"cz_gap show_on_mobile clr\" style=\"height: 10px\"><\/div><\/div><\/div><\/div><\/div><div class=\"vc_row wpb_row vc_row-fluid\"><div class=\"wpb_column vc_column_container vc_col-sm-12\"><div class=\"vc_column-inner\"><div class=\"wpb_wrapper\">\n\t<div class=\"wpb_text_column wpb_content_element\" >\n\t\t<div class=\"wpb_wrapper\">\n\t\t\t<p class=\"\" data-start=\"250\" data-end=\"460\"><span style=\"font-size: 17px;\"><strong data-start=\"250\" data-end=\"301\">Can \u015eerbet\u00e7i Hukuk ve Dan\u0131\u015fmanl\u0131k B\u00fcrosu olarak<\/strong>, 6698 say\u0131l\u0131 <strong data-start=\"315\" data-end=\"360\">Ki\u015fisel Verilerin Korunmas\u0131 Kanunu (KVKK)<\/strong> kapsam\u0131nda ki\u015fisel verilerinizin g\u00fcvenli\u011fine \u00f6nem veriyor, gizlili\u011finizi korumay\u0131 taahh\u00fct ediyoruz.<\/span><\/p>\n<h3 data-start=\"462\" data-end=\"499\">1. Ki\u015fisel Verilerin Toplanmas\u0131<\/h3>\n<p class=\"\" data-start=\"500\" data-end=\"709\"><span style=\"font-size: 17px;\">Web sitemiz \u00fczerinden bizimle ileti\u015fime ge\u00e7ti\u011finizde, ad-soyad, telefon numaras\u0131, e-posta adresi gibi ki\u015fisel verileriniz, yaln\u0131zca <strong data-start=\"632\" data-end=\"653\">ileti\u015fim sa\u011flamak<\/strong> and <strong data-start=\"657\" data-end=\"686\">hukuki s\u00fcre\u00e7leri y\u00fcr\u00fctmek<\/strong> amac\u0131yla al\u0131nmaktad\u0131r.<\/span><\/p>\n<h3 class=\"\" data-start=\"711\" data-end=\"754\">2. Ki\u015fisel Verilerin \u0130\u015flenme Ama\u00e7lar\u0131<\/h3>\n<p class=\"\" data-start=\"755\" data-end=\"786\"><span style=\"font-size: 17px;\">Toplanan ki\u015fisel verileriniz;<\/span><\/p>\n<ul data-start=\"787\" data-end=\"968\">\n<li class=\"\" data-start=\"787\" data-end=\"847\">\n<p class=\"\" data-start=\"789\" data-end=\"847\"><span style=\"font-size: 17px;\">Hukuki dan\u0131\u015fmanl\u0131k ve avukatl\u0131k hizmetlerinin sunulmas\u0131,<\/span><\/p>\n<\/li>\n<li class=\"\" data-start=\"848\" data-end=\"878\">\n<p class=\"\" data-start=\"850\" data-end=\"878\"><span style=\"font-size: 17px;\">Size geri d\u00f6n\u00fc\u015f yap\u0131lmas\u0131,<\/span><\/p>\n<\/li>\n<li class=\"\" data-start=\"879\" data-end=\"968\">\n<p class=\"\" data-start=\"881\" data-end=\"968\"><span style=\"font-size: 17px;\">Talep edilen i\u015flemlerin ger\u00e7ekle\u015ftirilmesi,<\/span><br data-start=\"924\" data-end=\"927\" \/><span style=\"font-size: 17px;\">ama\u00e7lar\u0131yla s\u0131n\u0131rl\u0131 olarak i\u015flenmektedir.<\/span><\/p>\n<\/li>\n<\/ul>\n<h3 class=\"\" data-start=\"970\" data-end=\"1012\">3. Verilerin Saklanmas\u0131 ve G\u00fcvenli\u011fi<\/h3>\n<p class=\"\" data-start=\"1013\" data-end=\"1216\"><span style=\"font-size: 17px;\">Ki\u015fisel verileriniz, ilgili yasal d\u00fczenlemelere uygun olarak, <strong data-start=\"1075\" data-end=\"1121\">gerekli teknik ve idari tedbirler al\u0131narak<\/strong> g\u00fcvenli \u015fekilde saklan\u0131r. \u00dc\u00e7\u00fcnc\u00fc ki\u015filerle <strong data-start=\"1165\" data-end=\"1216\">izin veya yasal zorunluluk d\u0131\u015f\u0131nda payla\u015f\u0131lmaz.<\/strong><\/span><\/p>\n<h3 class=\"\" data-start=\"1218\" data-end=\"1255\">4. KVKK Kapsam\u0131ndaki Haklar\u0131n\u0131z<\/h3>\n<p class=\"\" data-start=\"1256\" data-end=\"1289\"><span style=\"font-size: 17px;\">KVKK\u2019n\u0131n 11. maddesi gere\u011fince,<\/span><\/p>\n<ul data-start=\"1290\" data-end=\"1732\">\n<li class=\"\" data-start=\"1290\" data-end=\"1346\">\n<p class=\"\" data-start=\"1292\" data-end=\"1346\"><span style=\"font-size: 17px;\">Ki\u015fisel verilerinizin i\u015flenip i\u015flenmedi\u011fini \u00f6\u011frenme,<\/span><\/p>\n<\/li>\n<li class=\"\" data-start=\"1347\" data-end=\"1392\">\n<p class=\"\" data-start=\"1349\" data-end=\"1392\"><span style=\"font-size: 17px;\">\u0130\u015flenmi\u015fse buna ili\u015fkin bilgi talep etme,<\/span><\/p>\n<\/li>\n<li class=\"\" data-start=\"1393\" data-end=\"1447\">\n<p class=\"\" data-start=\"1395\" data-end=\"1447\"><span style=\"font-size: 17px;\">Amac\u0131na uygun kullan\u0131l\u0131p kullan\u0131lmad\u0131\u011f\u0131n\u0131 \u00f6\u011frenme,<\/span><\/p>\n<\/li>\n<li class=\"\" data-start=\"1448\" data-end=\"1516\">\n<p class=\"\" data-start=\"1450\" data-end=\"1516\"><span style=\"font-size: 17px;\">Yurt i\u00e7inde veya yurt d\u0131\u015f\u0131nda aktar\u0131ld\u0131\u011f\u0131 \u00fc\u00e7\u00fcnc\u00fc ki\u015fileri bilme,<\/span><\/p>\n<\/li>\n<li class=\"\" data-start=\"1517\" data-end=\"1572\">\n<p class=\"\" data-start=\"1519\" data-end=\"1572\"><span style=\"font-size: 17px;\">Eksik veya yanl\u0131\u015f i\u015flenmi\u015fse d\u00fczeltilmesini isteme,<\/span><\/p>\n<\/li>\n<li class=\"\" data-start=\"1573\" data-end=\"1653\">\n<p class=\"\" data-start=\"1575\" data-end=\"1653\"><span style=\"font-size: 17px;\">KVKK\u2019ya ayk\u0131r\u0131 olarak i\u015flenmi\u015fse silinmesini veya yok edilmesini talep etme,<\/span><\/p>\n<\/li>\n<li class=\"\" data-start=\"1654\" data-end=\"1732\">\n<p class=\"\" data-start=\"1656\" data-end=\"1732\"><span style=\"font-size: 17px;\">Bu i\u015flemlerin \u00fc\u00e7\u00fcnc\u00fc ki\u015filere bildirilmesini isteme,<\/span><br data-start=\"1708\" data-end=\"1711\" \/><span style=\"font-size: 17px;\">haklar\u0131na sahipsiniz.<\/span><\/p>\n<\/li>\n<\/ul>\n<h3 class=\"\" data-start=\"1734\" data-end=\"1758\">5. Ba\u015fvuru Y\u00f6ntemi<\/h3>\n<p class=\"\" data-start=\"1759\" data-end=\"1839\"><span style=\"font-size: 17px;\">KVKK kapsam\u0131ndaki haklar\u0131n\u0131z\u0131 kullanmak i\u00e7in bizimle ileti\u015fime ge\u00e7ebilirsiniz:<\/span><\/p>\n<p class=\"\" data-start=\"1841\" data-end=\"1982\"><span style=\"font-size: 17px;\"><strong data-start=\"1841\" data-end=\"1885\">Can \u015eerbet\u00e7i Hukuk ve Dan\u0131\u015fmanl\u0131k B\u00fcrosu<\/strong><\/span><br data-start=\"1885\" data-end=\"1888\" \/><span style=\"font-size: 17px;\">Adres: Cemalpa\u015fa Mah.63005 Sokak No :27 Ayd\u0131no\u011flu \u0130\u015f Merkezi Kat :9\/92, 01100 Seyhan\/Adana\/T\u00dcRK\u0130YE<\/span><br data-start=\"1917\" data-end=\"1920\" \/><span style=\"font-size: 17px;\">E-posta: av.canserbetci@gmail.com<\/span><br \/>\n<span style=\"font-size: 17px;\">Telefon: +90 (322) 456 11 00<\/span><\/p>\n\n\t\t<\/div>\n\t<\/div>\n<\/div><\/div><\/div><\/div>\n<\/div>","protected":false},"excerpt":{"rendered":"KVKK AYDINLATMA METN\u0130 Can \u015eerbet\u00e7i Hukuk ve Dan\u0131\u015fmanl\u0131k B\u00fcrosu olarak, 6698 say\u0131l\u0131 Ki\u015fisel Verilerin Korunmas\u0131 Kanunu (KVKK) kapsam\u0131nda ki\u015fisel verilerinizin","protected":false},"author":1,"featured_media":0,"parent":0,"menu_order":0,"comment_status":"closed","ping_status":"closed","template":"","meta":{"footnotes":""},"class_list":["post-805","page","type-page","status-publish","hentry"],"_links":{"self":[{"href":"https:\/\/www.canserbetcihukuk.com\/en\/wp-json\/wp\/v2\/pages\/805","targetHints":{"allow":["GET"]}}],"collection":[{"href":"https:\/\/www.canserbetcihukuk.com\/en\/wp-json\/wp\/v2\/pages"}],"about":[{"href":"https:\/\/www.canserbetcihukuk.com\/en\/wp-json\/wp\/v2\/types\/page"}],"author":[{"embeddable":true,"href":"https:\/\/www.canserbetcihukuk.com\/en\/wp-json\/wp\/v2\/users\/1"}],"replies":[{"embeddable":true,"href":"https:\/\/www.canserbetcihukuk.com\/en\/wp-json\/wp\/v2\/comments?post=805"}],"version-history":[{"count":10,"href":"https:\/\/www.canserbetcihukuk.com\/en\/wp-json\/wp\/v2\/pages\/805\/revisions"}],"predecessor-version":[{"id":1051,"href":"https:\/\/www.canserbetcihukuk.com\/en\/wp-json\/wp\/v2\/pages\/805\/revisions\/1051"}],"wp:attachment":[{"href":"https:\/\/www.canserbetcihukuk.com\/en\/wp-json\/wp\/v2\/media?parent=805"}],"curies":[{"name":"wp","href":"https:\/\/api.w.org\/{rel}","templated":true}]}}