{"id":803,"date":"2024-02-14T14:10:30","date_gmt":"2024-02-14T14:10:30","guid":{"rendered":"https:\/\/www.canserbetcihukuk.com\/?page_id=803"},"modified":"2025-05-03T08:30:36","modified_gmt":"2025-05-03T08:30:36","slug":"yasal-bildirim","status":"publish","type":"page","link":"https:\/\/www.canserbetcihukuk.com\/en\/yasal-bildirim\/","title":{"rendered":"Legal Notice"},"content":{"rendered":"<div class=\"wpb-content-wrapper\"><div class=\"vc_row wpb_row vc_row-fluid\"><div class=\"wpb_column vc_column_container vc_col-sm-12\"><div class=\"vc_column-inner\"><div class=\"wpb_wrapper\"><div id=\"cz_43221\" class=\"cz_43221 cz_title clr cz_title_pos_inline tac\"><div class=\"cz_title_shape shape_image cz_shape_1\"><img decoding=\"async\" width=\"200\" height=\"154\" src=\"https:\/\/www.canserbetcihukuk.com\/wp-content\/uploads\/2025\/05\/baslik-logo-2.png\" class=\"attachment-full\" alt=\"\" title=\"baslik-logo\" srcset=\"https:\/\/www.canserbetcihukuk.com\/wp-content\/uploads\/2025\/05\/baslik-logo-2.png 200w, https:\/\/www.canserbetcihukuk.com\/wp-content\/uploads\/2025\/05\/baslik-logo-2-16x12.png 16w\" sizes=\"(max-width: 200px) 100vw, 200px\" \/><\/div><div class=\"cz_title_content\"><div class=\"cz_wpe_content\"><p style=\"text-align: center;\"><strong><span style=\"font-family: Montserrat; font-size: 36px; color: #666666;\"><span style=\"color: #000001;\">YASAL B\u0130LD\u0130R\u0130M<\/span><\/span><\/strong><\/p>\n<\/div><\/div><\/div><div class=\"cz_gap clr  hide_on_mobile\" style=\"height: 85px\"><\/div><div class=\"cz_gap show_on_mobile clr\" style=\"height: 85px\"><\/div><\/div><\/div><\/div><\/div><div class=\"vc_row wpb_row vc_row-fluid\"><div class=\"wpb_column vc_column_container vc_col-sm-12\"><div class=\"vc_column-inner\"><div class=\"wpb_wrapper\"><div class=\"cz_gap clr  hide_on_mobile\" style=\"height: 20px\"><\/div><div class=\"cz_gap show_on_mobile clr\" style=\"height: 10px\"><\/div><\/div><\/div><\/div><\/div><div class=\"vc_row wpb_row vc_row-fluid\"><div class=\"wpb_column vc_column_container vc_col-sm-12\"><div class=\"vc_column-inner\"><div class=\"wpb_wrapper\">\n\t<div class=\"wpb_text_column wpb_content_element\" >\n\t\t<div class=\"wpb_wrapper\">\n\t\t\t<p class=\"\" style=\"text-align: justify;\" data-start=\"326\" data-end=\"451\"><span style=\"font-size: 17px;\"><strong data-start=\"326\" data-end=\"449\">Bu internet sitesi, Can \u015eerbet\u00e7i Hukuk ve Dan\u0131\u015fmanl\u0131k B\u00fcrosu&#8217;na ait olup, sadece bilgilendirme amac\u0131yla haz\u0131rlanm\u0131\u015ft\u0131r.<\/strong><\/span><\/p>\n<p class=\"\" style=\"text-align: justify;\" data-start=\"453\" data-end=\"745\"><span style=\"font-size: 17px;\">Sitede yer alan hi\u00e7bir bilgi, <strong data-start=\"483\" data-end=\"579\">reklam, i\u015f geli\u015ftirme, hukuki g\u00f6r\u00fc\u015f verme ya da avukat-m\u00fcvekkil ili\u015fkisi kurma amac\u0131 ta\u015f\u0131maz<\/strong>. Bu sayfada sunulan i\u00e7erikler, T\u00fcrkiye Barolar Birli\u011fi\u2019nin <strong data-start=\"639\" data-end=\"678\">Avukatl\u0131k Reklam Yasa\u011f\u0131 Y\u00f6netmeli\u011fi<\/strong>&#8216;ne uygun \u015fekilde, yaln\u0131zca genel bilgi sunmak i\u00e7in haz\u0131rlanm\u0131\u015ft\u0131r.<\/span><\/p>\n<p class=\"\" style=\"text-align: justify;\" data-start=\"747\" data-end=\"1047\"><span style=\"font-size: 17px;\">Sitede yer alan metin, g\u00f6rsel, logo, tasar\u0131m ve t\u00fcm i\u00e7eriklerin <strong data-start=\"811\" data-end=\"879\">telif haklar\u0131 Can \u015eerbet\u00e7i Hukuk ve Dan\u0131\u015fmanl\u0131k B\u00fcrosu\u2019na aittir<\/strong>. \u0130zinsiz \u015fekilde kopyalanmas\u0131, \u00e7o\u011falt\u0131lmas\u0131, da\u011f\u0131t\u0131lmas\u0131 veya kullan\u0131lmas\u0131 <strong data-start=\"955\" data-end=\"1001\">5846 say\u0131l\u0131 Fikir ve Sanat Eserleri Kanunu<\/strong> ile di\u011fer ilgili mevzuat kapsam\u0131nda yasakt\u0131r.<\/span><\/p>\n<p class=\"\" style=\"text-align: justify;\" data-start=\"1049\" data-end=\"1206\"><span style=\"font-size: 17px;\">Bu sitede yer alan bilgilerin g\u00fcncelli\u011fi ve do\u011frulu\u011fu i\u00e7in \u00f6zen g\u00f6sterilmekle birlikte, hi\u00e7bir i\u00e7erik <strong data-start=\"1151\" data-end=\"1179\">ba\u011flay\u0131c\u0131 hukuki tavsiye<\/strong> niteli\u011fi ta\u015f\u0131mamaktad\u0131r.<\/span><\/p>\n<p class=\"\" style=\"text-align: justify;\" data-start=\"1208\" data-end=\"1361\"><span style=\"font-size: 17px;\">Ziyaret\u00e7ilerin bu sitede yer alan bilgiler do\u011frultusunda tek ba\u015f\u0131na hareket etmemesi, <strong data-start=\"1294\" data-end=\"1361\">hukuki dan\u0131\u015fmanl\u0131k almak \u00fczere bir avukata ba\u015fvurmas\u0131 \u00f6nerilir.<\/strong><\/span><\/p>\n\n\t\t<\/div>\n\t<\/div>\n<\/div><\/div><\/div><\/div>\n<\/div>","protected":false},"excerpt":{"rendered":"YASAL B\u0130LD\u0130R\u0130M Bu internet sitesi, Can \u015eerbet\u00e7i Hukuk ve Dan\u0131\u015fmanl\u0131k B\u00fcrosu'na ait olup, sadece bilgilendirme amac\u0131yla haz\u0131rlanm\u0131\u015ft\u0131r. Sitede yer alan","protected":false},"author":1,"featured_media":0,"parent":0,"menu_order":0,"comment_status":"closed","ping_status":"closed","template":"","meta":{"footnotes":""},"class_list":["post-803","page","type-page","status-publish","hentry"],"_links":{"self":[{"href":"https:\/\/www.canserbetcihukuk.com\/en\/wp-json\/wp\/v2\/pages\/803","targetHints":{"allow":["GET"]}}],"collection":[{"href":"https:\/\/www.canserbetcihukuk.com\/en\/wp-json\/wp\/v2\/pages"}],"about":[{"href":"https:\/\/www.canserbetcihukuk.com\/en\/wp-json\/wp\/v2\/types\/page"}],"author":[{"embeddable":true,"href":"https:\/\/www.canserbetcihukuk.com\/en\/wp-json\/wp\/v2\/users\/1"}],"replies":[{"embeddable":true,"href":"https:\/\/www.canserbetcihukuk.com\/en\/wp-json\/wp\/v2\/comments?post=803"}],"version-history":[{"count":8,"href":"https:\/\/www.canserbetcihukuk.com\/en\/wp-json\/wp\/v2\/pages\/803\/revisions"}],"predecessor-version":[{"id":811,"href":"https:\/\/www.canserbetcihukuk.com\/en\/wp-json\/wp\/v2\/pages\/803\/revisions\/811"}],"wp:attachment":[{"href":"https:\/\/www.canserbetcihukuk.com\/en\/wp-json\/wp\/v2\/media?parent=803"}],"curies":[{"name":"wp","href":"https:\/\/api.w.org\/{rel}","templated":true}]}}