{"id":801,"date":"2024-02-14T14:09:11","date_gmt":"2024-02-14T14:09:11","guid":{"rendered":"https:\/\/www.canserbetcihukuk.com\/?page_id=801"},"modified":"2025-05-03T08:37:42","modified_gmt":"2025-05-03T08:37:42","slug":"cerez-politikasi","status":"publish","type":"page","link":"https:\/\/www.canserbetcihukuk.com\/en\/cerez-politikasi\/","title":{"rendered":"Cookie Policy"},"content":{"rendered":"<div class=\"wpb-content-wrapper\"><div id=\"comp-ls0gq7mk\" class=\"KQmfd2\">\n<div id=\"text-content-comp-ls0gq7mk\" class=\"KcpHeO tz5f0K comp-ls0gq7mk wixui-rich-text\" data-testid=\"richTextElement\">\n<div class=\"fusion-builder-row fusion-builder-row-inner fusion-row fusion-flex-align-items-stretch fusion-flex-content-wrap\">\n<div class=\"fusion-layout-column fusion_builder_column_inner fusion-builder-nested-column-0 fusion_builder_column_inner_1_1 1_1 fusion-flex-column fusion-flex-align-self-center\">\n<div class=\"fusion-column-wrapper fusion-flex-justify-content-center fusion-content-layout-column\">\n<div class=\"fusion-text fusion-text-2\">\n<div class=\"vc_row wpb_row vc_row-fluid\"><div class=\"wpb_column vc_column_container vc_col-sm-12\"><div class=\"vc_column-inner\"><div class=\"wpb_wrapper\"><div id=\"cz_43221\" class=\"cz_43221 cz_title clr cz_title_pos_inline tac\"><div class=\"cz_title_shape shape_image cz_shape_1\"><img decoding=\"async\" width=\"200\" height=\"154\" src=\"https:\/\/www.canserbetcihukuk.com\/wp-content\/uploads\/2025\/05\/baslik-logo-2.png\" class=\"attachment-full\" alt=\"\" title=\"baslik-logo\" srcset=\"https:\/\/www.canserbetcihukuk.com\/wp-content\/uploads\/2025\/05\/baslik-logo-2.png 200w, https:\/\/www.canserbetcihukuk.com\/wp-content\/uploads\/2025\/05\/baslik-logo-2-16x12.png 16w\" sizes=\"(max-width: 200px) 100vw, 200px\" \/><\/div><div class=\"cz_title_content\"><div class=\"cz_wpe_content\"><p style=\"text-align: center;\"><strong><span style=\"font-family: Montserrat; font-size: 36px; color: #666666;\"><span style=\"color: #000001;\">\u00c7EREZ POL\u0130T\u0130KASI<\/span><\/span><\/strong><\/p>\n<\/div><\/div><\/div><div class=\"cz_gap clr  hide_on_mobile\" style=\"height: 85px\"><\/div><div class=\"cz_gap show_on_mobile clr\" style=\"height: 85px\"><\/div><\/div><\/div><\/div><\/div><div class=\"vc_row wpb_row vc_row-fluid\"><div class=\"wpb_column vc_column_container vc_col-sm-12\"><div class=\"vc_column-inner\"><div class=\"wpb_wrapper\"><div class=\"cz_gap clr  hide_on_mobile\" style=\"height: 20px\"><\/div><div class=\"cz_gap show_on_mobile clr\" style=\"height: 10px\"><\/div><\/div><\/div><\/div><\/div>\n<h3><span style=\"font-size: 17px;\"><span class=\"TextRun SCXW171617466 BCX0\" lang=\"TR-TR\" xml:lang=\"TR-TR\" data-contrast=\"auto\"><span class=\"NormalTextRun SCXW171617466 BCX0\">Cookies (\u201cCookie\u201d) Description<\/span><\/span><\/span><\/h3>\n<p><span style=\"font-size: 17px;\">Internet cookies through the browser by sites you visit on your computer (or other devices, such as smart phone or tablet) and usually very small text files consisting of letters and numbers that are recorded. Visitors cookies related to, name, gender, address, or such as do not contain personal data.<\/span><\/p>\n<p><span style=\"font-size: 17px;\">They are Cookies created by the server that manages the internet site you visit. Thus, when the user visits the same site, the server can understand it. Cookies, internet site owners visitor an ID card that shows the same can be likened to when you visit the site again.<\/span><\/p>\n<h3><span style=\"font-size: 17px; color: #000001;\">Types and use of cookies<\/span><\/h3>\n<p><span style=\"font-size: 17px;\"><u>The types of cookies according to duration of use:<\/u> Can \u015eerbet\u00e7i Hukuk ve Dan\u0131\u015fmanl\u0131k B\u00fcrosu internet sitesinde kullan\u0131m s\u00fcrelerine g\u00f6re, oturum \u00e7erezleri ve kal\u0131c\u0131 \u00e7erezler kullanmaktad\u0131r. Oturum \u00e7erezi, taray\u0131c\u0131n\u0131z\u0131 kapatt\u0131\u011f\u0131n\u0131zda sona erer. Kal\u0131c\u0131 \u00e7erez ise sabit diskinizde uzun bir s\u00fcre veya s\u00fcresiz olarak kal\u0131r.<\/span><\/p>\n<p><span style=\"font-size: 17px;\"><u>The types of cookies according to the intended use:<\/u> Can \u015eerbet\u00e7i Hukuk ve Dan\u0131\u015fmanl\u0131k B\u00fcrosu internet sitesinde kullan\u0131m amac\u0131na g\u00f6re; zorunlu \u00e7erezler, teknik \u00e7erezler, do\u011frulama \u00e7erezleri, hedefleme\/reklam \u00e7erezleri, ki\u015fiselle\u015ftirme \u00e7erezleri ve analitik \u00e7erezler kullan\u0131lmaktad\u0131r. Can \u015eerbet\u00e7i Hukuk ve Dan\u0131\u015fmanl\u0131k B\u00fcrosu bu \u00e7erezleri kullanarak; istatistiksel \u00e7al\u0131\u015fmalar yapmaktad\u0131r.<\/span><\/p>\n<p>&nbsp;<\/p>\n<\/div>\n<\/div>\n<\/div>\n<\/div>\n<div class=\"table-1\">\n<table width=\"100%\">\n<tbody>\n<tr>\n<td align=\"left\"><span style=\"color: #000001;\"><strong><span style=\"font-size: 17px;\">Session Cookies<\/span><\/strong><\/span><\/td>\n<td align=\"left\"><span style=\"font-size: 17px;\">Session cookies are used during visits to our site visitors, are temporary cookies that are deleted after the browser is closed.<\/span><\/p>\n<p><span style=\"font-size: 17px;\">The main purpose of such use of cookies during your visit is to ensure that the site work properly.<\/span><\/td>\n<\/tr>\n<tr>\n<td align=\"left\"><span style=\"color: #000001;\"><strong><span style=\"font-size: 17px;\">Persistent Cookies<\/span><\/strong><\/span><\/td>\n<td align=\"left\"><span style=\"font-size: 17px;\" data-contrast=\"auto\">Persistent Cookies improve the functionality of the site, in order to provide faster and better service to our visitors are the types of cookies used. Such cookies are used to remember visitor preferences, and that is used is stored in the device through the browser.<\/span><\/p>\n<p><span style=\"font-size: 17px;\" data-contrast=\"auto\">Considering issues such as the intended use of the site and some types of persistent cookies can be used to provide specific suggestions.<\/span><\/p>\n<p><span style=\"font-size: 17px;\" data-contrast=\"auto\">Persistent cookies enable us Site, with the same device again in case you are visiting on your device and if you have a cookie that is created by the site, it is understood that you have previously visited your site and the content that will be provided is determined in the direction of, and thus you are offered a better service.<\/span><\/td>\n<\/tr>\n<tr>\n<td align=\"left\"><span style=\"color: #000001;\"><strong><span style=\"font-size: 17px;\">Mandatory Cookies<\/span><\/strong><\/span><\/td>\n<td align=\"left\"><span class=\"TextRun SCXW198897850 BCX0\" lang=\"TR-TR\" style=\"font-size: 17px;\" xml:lang=\"TR-TR\" data-contrast=\"auto\"><span class=\"NormalTextRun SCXW198897850 BCX0\">These cookies\u00a0<\/span><span class=\"NormalTextRun SCXW198897850 BCX0\">internet<\/span><span class=\"NormalTextRun SCXW198897850 BCX0\">\u00a0can be switched off in our systems, and are required for the operation of the site.\u00a0<\/span><span class=\"NormalTextRun SCXW198897850 BCX0\">Internet<\/span><span class=\"NormalTextRun SCXW198897850 BCX0\">\u00a0to navigate the site\u00a0<\/span><span class=\"NormalTextRun SCXW198897850 BCX0\">and other actions you perform<\/span><span class=\"NormalTextRun SCXW198897850 BCX0\">\u00a0enables.<\/span><\/span><\/td>\n<\/tr>\n<tr>\n<td align=\"left\"><span style=\"color: #000001;\"><strong><span style=\"font-size: 17px;\">Technical Cookies<\/span><\/strong><\/span><\/td>\n<td align=\"left\"><span class=\"TextRun SCXW234662464 BCX0\" lang=\"TR-TR\" style=\"font-size: 17px;\" xml:lang=\"TR-TR\" data-contrast=\"auto\"><span class=\"NormalTextRun SCXW234662464 BCX0\">Technical cookies\u00a0<\/span><span class=\"NormalTextRun SCXW234662464 BCX0\">site<\/span><span class=\"NormalTextRun SCXW234662464 BCX0\">\u00a0work provided to the internet site to non-working pages and areas are identified.<\/span><\/span><\/td>\n<\/tr>\n<tr>\n<td align=\"left\"><span style=\"color: #000001;\"><strong><span style=\"font-size: 17px;\">Personalization Cookies<\/span><\/strong><\/span><\/td>\n<td align=\"left\"><span class=\"TextRun SCXW264017494 BCX0\" lang=\"TR-TR\" style=\"font-size: 17px;\" xml:lang=\"TR-TR\" data-contrast=\"auto\"><span class=\"NormalTextRun SCXW264017494 BCX0\">Users have different preferences\u00a0<\/span><span class=\"NormalTextRun SCXW264017494 BCX0\">s<\/span><span class=\"NormalTextRun SCXW264017494 BCX0\">cookies are used to remember the pages that a visit to it also. For example, remember your language preference your chosen.<\/span><\/span><\/td>\n<\/tr>\n<tr>\n<td align=\"left\"><span style=\"color: #000001;\"><strong><span style=\"font-size: 17px;\">Analytical Cookies<\/span><\/strong><\/span><\/td>\n<td align=\"left\"><span class=\"TextRun SCXW255542296 BCX0\" lang=\"TR-TR\" style=\"font-size: 17px;\" xml:lang=\"TR-TR\" data-contrast=\"auto\"><span class=\"NormalTextRun SCXW255542296 BCX0\">Analytical cookies\u00a0<\/span><span class=\"NormalTextRun SCXW255542296 BCX0\">site<\/span><span class=\"NormalTextRun SCXW255542296 BCX0\">\u00a0the numbers of visitors,\u00a0<\/span><span class=\"NormalTextRun SCXW255542296 BCX0\">site\u00a0<\/span><span class=\"NormalTextRun SCXW255542296 BCX0\">of pages viewed detection\u00a0<\/span><span class=\"NormalTextRun SCXW255542296 BCX0\">s<\/span><span class=\"NormalTextRun SCXW255542296 BCX0\">Mutt visiting hours,\u00a0<\/span><span class=\"NormalTextRun SCXW255542296 BCX0\">s<\/span><span class=\"NormalTextRun SCXW255542296 BCX0\">movements such as the pages scroll push to cookies that are enabling the production of analytical results.<\/span><\/span><\/td>\n<\/tr>\n<\/tbody>\n<\/table>\n<\/div>\n<div class=\"fusion-builder-row fusion-builder-row-inner fusion-row fusion-flex-align-items-stretch fusion-flex-content-wrap\">\n<div class=\"fusion-layout-column fusion_builder_column_inner fusion-builder-nested-column-1 fusion_builder_column_inner_1_1 1_1 fusion-flex-column fusion-flex-align-self-center\">\n<div class=\"fusion-column-wrapper fusion-flex-justify-content-center fusion-content-layout-column\">\n<div class=\"fusion-text fusion-text-3\">\n<p>&nbsp;<\/p>\n<p><span style=\"color: #000001;\"><strong><span style=\"font-size: 17px;\">Can \u015eerbet\u00e7i Hukuk ve Dan\u0131\u015fmanl\u0131k\u00a0 B\u00fcrosu \u00e7erezleri;<\/span><\/strong><\/span><\/p>\n<ul>\n<li><span style=\"font-size: 17px;\">Remembering your preferences, personalize your use of the site and internet use.<\/span><\/li>\n<li><span style=\"font-size: 17px;\">You view internet content on your site, such as duration of your visit and how you use the website uses to determine.<\/span><\/li>\n<li><span style=\"font-size: 17px;\">To perform the basic functions required for the operation of the site uses.<\/span><\/li>\n<li><span style=\"font-size: 17px;\">The site uses to analyze and improve the performance of the site. For example, determining the number of visitors to the site, and accordingly facilitate visitors to find what they&#039;re looking for, or to be done in the performance settings.<\/span><\/li>\n<li><span style=\"font-size: 17px;\">To provide ease of use of the site, enhancing the functionality and uses. For example, visitors who visit the site to remember on the next visit, or link to third parties through the site provide information or search queries.<\/span><\/li>\n<\/ul>\n<h3><span style=\"font-size: 17px; color: #000001;\">Collection and management of cookies<\/span><\/h3>\n<p><span style=\"font-size: 17px;\">\u00c7erezler, Can \u015eerbet\u00e7i Hukuk ve Dan\u0131\u015fmanl\u0131k B\u00fcrosu internet sitesine eri\u015fim sa\u011flad\u0131\u011f\u0131n\u0131z cihaz \u00fczerinden toplanmakta olup, toplanan bilgiler cihaza \u00f6zeldir. \u00c7erez tercihleri, Can \u015eerbet\u00e7i Hukuk ve Dan\u0131\u015fmanl\u0131k B\u00fcrosu internet sitesini ziyaret eden kullan\u0131c\u0131n\u0131n iradesine b\u0131rak\u0131lmaktad\u0131r. Can \u015eerbet\u00e7i Hukuk ve Dan\u0131\u015fmanl\u0131k B\u00fcrosu internet sitesini ziyaret etti\u011finizde \u00e7erez kullan\u0131m\u0131na ili\u015fkin tercihlerinizi belirleme imk\u00e2n\u0131 do\u011frudan tan\u0131nmaktad\u0131r. \u00c7erez kullan\u0131m\u0131na ili\u015fkin tercihlerinizi taray\u0131c\u0131 ayarlar\u0131n\u0131z \u00fczerinden de\u011fi\u015ftirebilir, \u00e7erezleri engelleyebilir veya silebilirsiniz.<\/span><\/p>\n<\/div>\n<\/div>\n<\/div>\n<\/div>\n<\/div>\n<\/div>\n<\/div>","protected":false},"excerpt":{"rendered":"<p>\u00c7erez (\u201cCookie\u201d) Tan\u0131m\u0131 \u00c7erezler, ziyaret etti\u011finiz internet siteleri taraf\u0131ndan taray\u0131c\u0131lar arac\u0131l\u0131\u011f\u0131yla &#8230; <\/p>","protected":false},"author":1,"featured_media":0,"parent":0,"menu_order":0,"comment_status":"closed","ping_status":"closed","template":"","meta":{"footnotes":""},"class_list":["post-801","page","type-page","status-publish","hentry"],"_links":{"self":[{"href":"https:\/\/www.canserbetcihukuk.com\/en\/wp-json\/wp\/v2\/pages\/801","targetHints":{"allow":["GET"]}}],"collection":[{"href":"https:\/\/www.canserbetcihukuk.com\/en\/wp-json\/wp\/v2\/pages"}],"about":[{"href":"https:\/\/www.canserbetcihukuk.com\/en\/wp-json\/wp\/v2\/types\/page"}],"author":[{"embeddable":true,"href":"https:\/\/www.canserbetcihukuk.com\/en\/wp-json\/wp\/v2\/users\/1"}],"replies":[{"embeddable":true,"href":"https:\/\/www.canserbetcihukuk.com\/en\/wp-json\/wp\/v2\/comments?post=801"}],"version-history":[{"count":5,"href":"https:\/\/www.canserbetcihukuk.com\/en\/wp-json\/wp\/v2\/pages\/801\/revisions"}],"predecessor-version":[{"id":1052,"href":"https:\/\/www.canserbetcihukuk.com\/en\/wp-json\/wp\/v2\/pages\/801\/revisions\/1052"}],"wp:attachment":[{"href":"https:\/\/www.canserbetcihukuk.com\/en\/wp-json\/wp\/v2\/media?parent=801"}],"curies":[{"name":"wp","href":"https:\/\/api.w.org\/{rel}","templated":true}]}}