{"id":684,"date":"2024-02-06T08:31:00","date_gmt":"2024-02-06T08:31:00","guid":{"rendered":"https:\/\/www.canserbetcihukuk.com\/?page_id=684"},"modified":"2025-05-03T09:44:46","modified_gmt":"2025-05-03T09:44:46","slug":"hizmetlerimiz","status":"publish","type":"page","link":"https:\/\/www.canserbetcihukuk.com\/en\/hizmetlerimiz\/","title":{"rendered":"OUR SERVICES"},"content":{"rendered":"<div class=\"wpb-content-wrapper\"><div class=\"vc_row wpb_row vc_row-fluid\"><div class=\"wpb_column vc_column_container vc_col-sm-12\"><div class=\"vc_column-inner\"><div class=\"wpb_wrapper\"><div id=\"cz_43221\" class=\"cz_43221 cz_title clr cz_title_pos_inline tac\"><div class=\"cz_title_shape shape_image cz_shape_1\"><img decoding=\"async\" width=\"200\" height=\"154\" src=\"https:\/\/www.canserbetcihukuk.com\/wp-content\/uploads\/2025\/05\/baslik-logo-2.png\" class=\"attachment-full\" alt=\"\" title=\"baslik-logo\" srcset=\"https:\/\/www.canserbetcihukuk.com\/wp-content\/uploads\/2025\/05\/baslik-logo-2.png 200w, https:\/\/www.canserbetcihukuk.com\/wp-content\/uploads\/2025\/05\/baslik-logo-2-16x12.png 16w\" sizes=\"(max-width: 200px) 100vw, 200px\" \/><\/div><div class=\"cz_title_content\"><div class=\"cz_wpe_content\"><p style=\"text-align: center;\"><strong><span style=\"font-family: Montserrat; font-size: 36px; color: #666666;\"><span style=\"color: #000001;\">OUR SERVICES<\/span><\/span><\/strong><\/p>\n<\/div><\/div><\/div><div class=\"cz_gap clr  hide_on_mobile\" style=\"height: 85px\"><\/div><div class=\"cz_gap show_on_mobile clr\" style=\"height: 85px\"><\/div><\/div><\/div><\/div><\/div><div class=\"vc_row wpb_row vc_row-fluid\"><div class=\"wpb_column vc_column_container vc_col-sm-12\"><div class=\"vc_column-inner\"><div class=\"wpb_wrapper\"><div class=\"cz_gap clr  hide_on_mobile\" style=\"height: 20px\"><\/div><div class=\"cz_gap show_on_mobile clr\" style=\"height: 10px\"><\/div><\/div><\/div><\/div><\/div><div class=\"vc_row wpb_row vc_row-fluid\"><div class=\"wpb_column vc_column_container vc_col-sm-12 vc_col-lg-4\"><div class=\"vc_column-inner\"><div class=\"wpb_wrapper\"><div class=\"cz_eqh cz_content_box_parent_fx\"><div id=\"cz_41890\" class=\"cz_41890 cz_content_box clr\"><div class=\"cz_box_front clr\"><div class=\"cz_box_front_inner clr\"><span><\/span><div><div id=\"cz_65429\" class=\"cz_65429 cz_title clr cz_mobile_text_center cz_title_has_icon cz_title_pos_inline\"><div class=\"cz_title_content\"><span class=\"cz_title_icon_before cz_title_image\"><img decoding=\"async\" width=\"64\" height=\"64\" src=\"https:\/\/www.canserbetcihukuk.com\/wp-content\/uploads\/2025\/04\/icon1.png\" class=\"attachment-full\" alt=\"\" title=\"icon1\" srcset=\"https:\/\/www.canserbetcihukuk.com\/wp-content\/uploads\/2025\/04\/icon1.png 64w, https:\/\/www.canserbetcihukuk.com\/wp-content\/uploads\/2025\/04\/icon1-12x12.png 12w\" sizes=\"(max-width: 64px) 100vw, 64px\" \/><\/span><div class=\"cz_wpe_content\"><h3><span style=\"font-size: 19px;\">Commercial Law<\/span><\/h3>\n<\/div><\/div><\/div><div id=\"cz_90218\" class=\"cz_90218 cz_title clr cz_mobile_text_center cz_title_pos_inline\"><div class=\"cz_title_content\"><div class=\"cz_wpe_content\"><p>We stand by your side in all commercial matters, from company formation to contract management.<\/p>\n<\/div><\/div><\/div><\/div><\/div><\/div><\/div><\/div><\/div><\/div><\/div><div class=\"wpb_column vc_column_container vc_col-sm-6 vc_col-lg-4\"><div class=\"vc_column-inner\"><div class=\"wpb_wrapper\"><div class=\"cz_eqh cz_content_box_parent_fx\"><div id=\"cz_41890\" class=\"cz_41890 cz_content_box clr\"><div class=\"cz_box_front clr\"><div class=\"cz_box_front_inner clr\"><span><\/span><div><div id=\"cz_85704\" class=\"cz_85704 cz_title clr cz_mobile_text_center cz_title_has_icon cz_title_pos_inline\"><div class=\"cz_title_content\"><span class=\"cz_title_icon_before cz_title_image\"><img decoding=\"async\" width=\"64\" height=\"64\" src=\"https:\/\/www.canserbetcihukuk.com\/wp-content\/uploads\/2025\/04\/icon13.png\" class=\"attachment-full\" alt=\"\" title=\"icon13\" srcset=\"https:\/\/www.canserbetcihukuk.com\/wp-content\/uploads\/2025\/04\/icon13.png 64w, https:\/\/www.canserbetcihukuk.com\/wp-content\/uploads\/2025\/04\/icon13-12x12.png 12w\" sizes=\"(max-width: 64px) 100vw, 64px\" \/><\/span><div class=\"cz_wpe_content\"><h3><span style=\"font-size: 17px;\">Labor and Social Security Law<\/span><\/h3>\n<\/div><\/div><\/div><div id=\"cz_67673\" class=\"cz_67673 cz_title clr cz_mobile_text_center cz_title_pos_inline\"><div class=\"cz_title_content\"><div class=\"cz_wpe_content\"><p>We protect your rights in employee-employer relations and provide solutions to social security disputes.<\/p>\n<\/div><\/div><\/div><\/div><\/div><\/div><\/div><\/div><\/div><\/div><\/div><div class=\"wpb_column vc_column_container vc_col-sm-6 vc_col-lg-4\"><div class=\"vc_column-inner\"><div class=\"wpb_wrapper\"><div class=\"cz_eqh cz_content_box_parent_fx\"><div id=\"cz_41890\" class=\"cz_41890 cz_content_box clr\"><div class=\"cz_box_front clr\"><div class=\"cz_box_front_inner clr\"><span><\/span><div><div id=\"cz_36255\" class=\"cz_36255 cz_title clr cz_mobile_text_center cz_title_has_icon cz_title_pos_inline\"><div class=\"cz_title_content\"><span class=\"cz_title_icon_before cz_title_image\"><img decoding=\"async\" width=\"64\" height=\"64\" src=\"https:\/\/www.canserbetcihukuk.com\/wp-content\/uploads\/2025\/04\/family-law.png\" class=\"attachment-full\" alt=\"\" title=\"\" srcset=\"https:\/\/www.canserbetcihukuk.com\/wp-content\/uploads\/2025\/04\/family-law.png 64w, https:\/\/www.canserbetcihukuk.com\/wp-content\/uploads\/2025\/04\/family-law-12x12.png 12w\" sizes=\"(max-width: 64px) 100vw, 64px\" \/><\/span><div class=\"cz_wpe_content\"><h3><span style=\"font-size: 19px;\">Family Law<\/span><\/h3>\n<\/div><\/div><\/div><div id=\"cz_30118\" class=\"cz_30118 cz_title clr cz_mobile_text_center cz_title_pos_inline\"><div class=\"cz_title_content\"><div class=\"cz_wpe_content\"><p>We provide reliable legal support in family-related disputes such as divorce, custody, and property division.<\/p>\n<\/div><\/div><\/div><\/div><\/div><\/div><\/div><\/div><\/div><\/div><\/div><\/div><div class=\"vc_row wpb_row vc_row-fluid\"><div class=\"wpb_column vc_column_container vc_col-sm-12\"><div class=\"vc_column-inner\"><div class=\"wpb_wrapper\"><div class=\"cz_gap clr  hide_on_mobile\" style=\"height: 40px\"><\/div><div class=\"cz_gap show_on_mobile clr\" style=\"height: 10px\"><\/div><\/div><\/div><\/div><\/div><div class=\"vc_row wpb_row vc_row-fluid vc_custom_1522828533614\"><div class=\"wpb_column vc_column_container vc_col-sm-4\"><div class=\"vc_column-inner\"><div class=\"wpb_wrapper\"><div class=\"cz_eqh cz_content_box_parent_fx\"><div id=\"cz_41890\" class=\"cz_41890 cz_content_box clr\"><div class=\"cz_box_front clr\"><div class=\"cz_box_front_inner clr\"><span><\/span><div><div id=\"cz_86504\" class=\"cz_86504 cz_title clr cz_mobile_text_center cz_title_has_icon cz_title_pos_inline\"><div class=\"cz_title_content\"><span class=\"cz_title_icon_before cz_title_image\"><img decoding=\"async\" width=\"64\" height=\"64\" src=\"https:\/\/www.canserbetcihukuk.com\/wp-content\/uploads\/2025\/04\/compliance-document.png\" class=\"attachment-full\" alt=\"\" title=\"\" srcset=\"https:\/\/www.canserbetcihukuk.com\/wp-content\/uploads\/2025\/04\/compliance-document.png 64w, https:\/\/www.canserbetcihukuk.com\/wp-content\/uploads\/2025\/04\/compliance-document-12x12.png 12w\" sizes=\"(max-width: 64px) 100vw, 64px\" \/><\/span><div class=\"cz_wpe_content\"><h3><span style=\"font-size: 19px;\">Enforcement and Bankruptcy Law<\/span><\/h3>\n<\/div><\/div><\/div><div id=\"cz_37571\" class=\"cz_37571 cz_title clr cz_mobile_text_center cz_title_pos_inline\"><div class=\"cz_title_content\"><div class=\"cz_wpe_content\"><p>We offer effective solutions in the collection of receivables and bankruptcy proceedings.<\/p>\n<\/div><\/div><\/div><\/div><\/div><\/div><\/div><\/div><\/div><\/div><\/div><div class=\"wpb_column vc_column_container vc_col-sm-4\"><div class=\"vc_column-inner\"><div class=\"wpb_wrapper\"><div class=\"cz_eqh cz_content_box_parent_fx\"><div id=\"cz_41890\" class=\"cz_41890 cz_content_box clr\"><div class=\"cz_box_front clr\"><div class=\"cz_box_front_inner clr\"><span><\/span><div><div id=\"cz_31488\" class=\"cz_31488 cz_title clr cz_mobile_text_center cz_title_has_icon cz_title_pos_inline\"><div class=\"cz_title_content\"><span class=\"cz_title_icon_before cz_title_image\"><img decoding=\"async\" width=\"64\" height=\"64\" src=\"https:\/\/www.canserbetcihukuk.com\/wp-content\/uploads\/2025\/04\/auction.png\" class=\"attachment-full\" alt=\"\" title=\"auction\" srcset=\"https:\/\/www.canserbetcihukuk.com\/wp-content\/uploads\/2025\/04\/auction.png 64w, https:\/\/www.canserbetcihukuk.com\/wp-content\/uploads\/2025\/04\/auction-12x12.png 12w\" sizes=\"(max-width: 64px) 100vw, 64px\" \/><\/span><div class=\"cz_wpe_content\"><h3><span style=\"font-size: 19px;\">Banking Law<\/span><\/h3>\n<\/div><\/div><\/div><div id=\"cz_84266\" class=\"cz_84266 cz_title clr cz_mobile_text_center cz_title_pos_inline\"><div class=\"cz_title_content\"><div class=\"cz_wpe_content\"><p>We provide professional legal consultancy in banking transactions and financial disputes.<\/p>\n<\/div><\/div><\/div><\/div><\/div><\/div><\/div><\/div><\/div><\/div><\/div><div class=\"wpb_column vc_column_container vc_col-sm-4\"><div class=\"vc_column-inner\"><div class=\"wpb_wrapper\"><div class=\"cz_eqh cz_content_box_parent_fx\"><div id=\"cz_41890\" class=\"cz_41890 cz_content_box clr\"><div class=\"cz_box_front clr\"><div class=\"cz_box_front_inner clr\"><span><\/span><div><div id=\"cz_66014\" class=\"cz_66014 cz_title clr cz_mobile_text_center cz_title_has_icon cz_title_pos_inline\"><div class=\"cz_title_content\"><span class=\"cz_title_icon_before cz_title_image\"><img decoding=\"async\" width=\"64\" height=\"64\" src=\"https:\/\/www.canserbetcihukuk.com\/wp-content\/uploads\/2025\/04\/criminal-law.png\" class=\"attachment-full\" alt=\"\" title=\"\" srcset=\"https:\/\/www.canserbetcihukuk.com\/wp-content\/uploads\/2025\/04\/criminal-law.png 64w, https:\/\/www.canserbetcihukuk.com\/wp-content\/uploads\/2025\/04\/criminal-law-12x12.png 12w\" sizes=\"(max-width: 64px) 100vw, 64px\" \/><\/span><div class=\"cz_wpe_content\"><h3><span style=\"font-size: 19px;\">Criminal Law<\/span><\/h3>\n<\/div><\/div><\/div><div id=\"cz_97516\" class=\"cz_97516 cz_title clr cz_mobile_text_center cz_title_pos_inline\"><div class=\"cz_title_content\"><div class=\"cz_wpe_content\"><p>We provide effective defense and legal consultancy in criminal investigations and prosecutions.<\/p>\n<\/div><\/div><\/div><\/div><\/div><\/div><\/div><\/div><\/div><\/div><\/div><\/div><div class=\"vc_row wpb_row vc_row-fluid\"><div class=\"wpb_column vc_column_container vc_col-sm-12\"><div class=\"vc_column-inner\"><div class=\"wpb_wrapper\"><div class=\"cz_gap clr  hide_on_mobile\" style=\"height: 40px\"><\/div><div class=\"cz_gap show_on_mobile clr\" style=\"height: 10px\"><\/div><\/div><\/div><\/div><\/div><div class=\"vc_row wpb_row vc_row-fluid vc_custom_1522828533614\"><div class=\"wpb_column vc_column_container vc_col-sm-4\"><div class=\"vc_column-inner\"><div class=\"wpb_wrapper\"><div class=\"cz_eqh cz_content_box_parent_fx\"><div id=\"cz_41890\" class=\"cz_41890 cz_content_box clr\"><div class=\"cz_box_front clr\"><div class=\"cz_box_front_inner clr\"><span><\/span><div><div id=\"cz_77839\" class=\"cz_77839 cz_title clr cz_mobile_text_center cz_title_has_icon cz_title_pos_inline\"><div class=\"cz_title_content\"><span class=\"cz_title_icon_before cz_title_image\"><img decoding=\"async\" width=\"64\" height=\"64\" src=\"https:\/\/www.canserbetcihukuk.com\/wp-content\/uploads\/2025\/04\/sports-laws.png\" class=\"attachment-full\" alt=\"\" title=\"\" srcset=\"https:\/\/www.canserbetcihukuk.com\/wp-content\/uploads\/2025\/04\/sports-laws.png 64w, https:\/\/www.canserbetcihukuk.com\/wp-content\/uploads\/2025\/04\/sports-laws-12x12.png 12w\" sizes=\"(max-width: 64px) 100vw, 64px\" \/><\/span><div class=\"cz_wpe_content\"><h3><span style=\"font-size: 19px;\">Sports Law<\/span><\/h3>\n<\/div><\/div><\/div><div id=\"cz_32732\" class=\"cz_32732 cz_title clr cz_mobile_text_center cz_title_pos_inline\"><div class=\"cz_title_content\"><div class=\"cz_wpe_content\"><p>We provide legal solutions aimed at protecting the rights of athletes, clubs, and agents.<\/p>\n<\/div><\/div><\/div><\/div><\/div><\/div><\/div><\/div><\/div><\/div><\/div><div class=\"wpb_column vc_column_container vc_col-sm-4\"><div class=\"vc_column-inner\"><div class=\"wpb_wrapper\"><div class=\"cz_eqh cz_content_box_parent_fx\"><div id=\"cz_41890\" class=\"cz_41890 cz_content_box clr\"><div class=\"cz_box_front clr\"><div class=\"cz_box_front_inner clr\"><span><\/span><div><div id=\"cz_57655\" class=\"cz_57655 cz_title clr cz_mobile_text_center cz_title_has_icon cz_title_pos_inline\"><div class=\"cz_title_content\"><span class=\"cz_title_icon_before cz_title_image\"><img decoding=\"async\" width=\"64\" height=\"64\" src=\"https:\/\/www.canserbetcihukuk.com\/wp-content\/uploads\/2025\/04\/icon6.png\" class=\"attachment-full\" alt=\"\" title=\"\" srcset=\"https:\/\/www.canserbetcihukuk.com\/wp-content\/uploads\/2025\/04\/icon6.png 64w, https:\/\/www.canserbetcihukuk.com\/wp-content\/uploads\/2025\/04\/icon6-12x12.png 12w\" sizes=\"(max-width: 64px) 100vw, 64px\" \/><\/span><div class=\"cz_wpe_content\"><h3><span style=\"font-size: 19px;\">Administrative Law<\/span><\/h3>\n<\/div><\/div><\/div><div id=\"cz_61114\" class=\"cz_61114 cz_title clr cz_mobile_text_center cz_title_pos_inline\"><div class=\"cz_title_content\"><div class=\"cz_wpe_content\"><p>We defend your rights in administrative actions and disputes involving public institutions.<\/p>\n<\/div><\/div><\/div><\/div><\/div><\/div><\/div><\/div><\/div><\/div><\/div><div class=\"wpb_column vc_column_container vc_col-sm-4\"><div class=\"vc_column-inner\"><div class=\"wpb_wrapper\"><div class=\"cz_eqh cz_content_box_parent_fx\"><div id=\"cz_41890\" class=\"cz_41890 cz_content_box clr\"><div class=\"cz_box_front clr\"><div class=\"cz_box_front_inner clr\"><span><\/span><div><div id=\"cz_60964\" class=\"cz_60964 cz_title clr cz_mobile_text_center cz_title_has_icon cz_title_pos_inline\"><div class=\"cz_title_content\"><span class=\"cz_title_icon_before cz_title_image\"><img decoding=\"async\" width=\"64\" height=\"64\" src=\"https:\/\/www.canserbetcihukuk.com\/wp-content\/uploads\/2025\/04\/tax.png\" class=\"attachment-full\" alt=\"\" title=\"tax\" srcset=\"https:\/\/www.canserbetcihukuk.com\/wp-content\/uploads\/2025\/04\/tax.png 64w, https:\/\/www.canserbetcihukuk.com\/wp-content\/uploads\/2025\/04\/tax-12x12.png 12w\" sizes=\"(max-width: 64px) 100vw, 64px\" \/><\/span><div class=\"cz_wpe_content\"><h3><span style=\"font-size: 19px;\">Vergi Hukuku<\/span><\/h3>\n<\/div><\/div><\/div><div id=\"cz_55789\" class=\"cz_55789 cz_title clr cz_mobile_text_center cz_title_pos_inline\"><div class=\"cz_title_content\"><div class=\"cz_wpe_content\"><p>Vergi uyu\u015fmazl\u0131klar\u0131n\u0131zda uzman hukuki destekle hak kay\u0131plar\u0131n\u0131z\u0131n \u00f6n\u00fcne ge\u00e7iyoruz.<\/p>\n<\/div><\/div><\/div><\/div><\/div><\/div><\/div><\/div><\/div><\/div><\/div><\/div><div class=\"vc_row wpb_row vc_row-fluid\"><div class=\"wpb_column vc_column_container vc_col-sm-12\"><div class=\"vc_column-inner\"><div class=\"wpb_wrapper\"><div class=\"cz_gap clr  hide_on_mobile\" style=\"height: 40px\"><\/div><div class=\"cz_gap show_on_mobile clr\" style=\"height: 10px\"><\/div><\/div><\/div><\/div><\/div><div class=\"vc_row wpb_row vc_row-fluid\"><div class=\"wpb_column vc_column_container vc_col-sm-12 vc_col-lg-4\"><div class=\"vc_column-inner\"><div class=\"wpb_wrapper\"><div class=\"cz_eqh cz_content_box_parent_fx\"><div id=\"cz_41890\" class=\"cz_41890 cz_content_box clr\"><div class=\"cz_box_front clr\"><div class=\"cz_box_front_inner clr\"><span><\/span><div><div id=\"cz_93256\" class=\"cz_93256 cz_title clr cz_mobile_text_center cz_title_has_icon cz_title_pos_inline\"><div class=\"cz_title_content\"><span class=\"cz_title_icon_before cz_title_image\"><img decoding=\"async\" width=\"64\" height=\"64\" src=\"https:\/\/www.canserbetcihukuk.com\/wp-content\/uploads\/2025\/04\/property-law.png\" class=\"attachment-full\" alt=\"\" title=\"\" srcset=\"https:\/\/www.canserbetcihukuk.com\/wp-content\/uploads\/2025\/04\/property-law.png 64w, https:\/\/www.canserbetcihukuk.com\/wp-content\/uploads\/2025\/04\/property-law-12x12.png 12w\" sizes=\"(max-width: 64px) 100vw, 64px\" \/><\/span><div class=\"cz_wpe_content\"><h3><span style=\"font-size: 19px;\">Miras Hukuku<\/span><\/h3>\n<\/div><\/div><\/div><div id=\"cz_100971\" class=\"cz_100971 cz_title clr cz_mobile_text_center cz_title_pos_inline\"><div class=\"cz_title_content\"><div class=\"cz_wpe_content\"><p>Miras payla\u015f\u0131m\u0131 ve miras davalar\u0131nda \u00e7\u00f6z\u00fcm odakl\u0131 hukuki destek sa\u011fl\u0131yoruz.<\/p>\n<\/div><\/div><\/div><\/div><\/div><\/div><\/div><\/div><\/div><\/div><\/div><div class=\"wpb_column vc_column_container vc_col-sm-6 vc_col-lg-4\"><div class=\"vc_column-inner\"><div class=\"wpb_wrapper\"><\/div><\/div><\/div><div class=\"wpb_column vc_column_container vc_col-sm-6 vc_col-lg-4\"><div class=\"vc_column-inner\"><div class=\"wpb_wrapper\"><\/div><\/div><\/div><\/div>\n<\/div>","protected":false},"excerpt":{"rendered":"H\u0130ZMETLER\u0130M\u0130Z Ticaret Hukuku \u015eirket kurulu\u015fundan s\u00f6zle\u015fme y\u00f6netimine kadar t\u00fcm ticari i\u015flemlerinizde yan\u0131n\u0131zday\u0131z. \u0130\u015f ve Sosyal G\u00fcvenlik Hukuku \u0130\u015f\u00e7i-i\u015fveren ili\u015fkilerinde haklar\u0131n\u0131z\u0131","protected":false},"author":1,"featured_media":0,"parent":0,"menu_order":0,"comment_status":"closed","ping_status":"closed","template":"","meta":{"footnotes":""},"class_list":["post-684","page","type-page","status-publish","hentry"],"_links":{"self":[{"href":"https:\/\/www.canserbetcihukuk.com\/en\/wp-json\/wp\/v2\/pages\/684","targetHints":{"allow":["GET"]}}],"collection":[{"href":"https:\/\/www.canserbetcihukuk.com\/en\/wp-json\/wp\/v2\/pages"}],"about":[{"href":"https:\/\/www.canserbetcihukuk.com\/en\/wp-json\/wp\/v2\/types\/page"}],"author":[{"embeddable":true,"href":"https:\/\/www.canserbetcihukuk.com\/en\/wp-json\/wp\/v2\/users\/1"}],"replies":[{"embeddable":true,"href":"https:\/\/www.canserbetcihukuk.com\/en\/wp-json\/wp\/v2\/comments?post=684"}],"version-history":[{"count":31,"href":"https:\/\/www.canserbetcihukuk.com\/en\/wp-json\/wp\/v2\/pages\/684\/revisions"}],"predecessor-version":[{"id":1072,"href":"https:\/\/www.canserbetcihukuk.com\/en\/wp-json\/wp\/v2\/pages\/684\/revisions\/1072"}],"wp:attachment":[{"href":"https:\/\/www.canserbetcihukuk.com\/en\/wp-json\/wp\/v2\/media?parent=684"}],"curies":[{"name":"wp","href":"https:\/\/api.w.org\/{rel}","templated":true}]}}