{"id":601,"date":"2024-02-02T08:04:03","date_gmt":"2024-02-02T08:04:03","guid":{"rendered":"https:\/\/www.canserbetcihukuk.com\/?page_id=601"},"modified":"2025-05-04T07:33:21","modified_gmt":"2025-05-04T07:33:21","slug":"iletisim","status":"publish","type":"page","link":"https:\/\/www.canserbetcihukuk.com\/en\/iletisim\/","title":{"rendered":"CONTACT US"},"content":{"rendered":"<div class=\"wpb-content-wrapper\"><div class=\"vc_row wpb_row vc_row-fluid\"><div class=\"wpb_column vc_column_container vc_col-sm-12\"><div class=\"vc_column-inner\"><div class=\"wpb_wrapper\"><div id=\"cz_43221\" class=\"cz_43221 cz_title clr cz_title_pos_inline tac\"><div class=\"cz_title_shape shape_image cz_shape_1\"><img decoding=\"async\" width=\"200\" height=\"154\" src=\"https:\/\/www.canserbetcihukuk.com\/wp-content\/uploads\/2025\/05\/baslik-logo-2.png\" class=\"attachment-full\" alt=\"\" title=\"baslik-logo\" srcset=\"https:\/\/www.canserbetcihukuk.com\/wp-content\/uploads\/2025\/05\/baslik-logo-2.png 200w, https:\/\/www.canserbetcihukuk.com\/wp-content\/uploads\/2025\/05\/baslik-logo-2-16x12.png 16w\" sizes=\"(max-width: 200px) 100vw, 200px\" \/><\/div><div class=\"cz_title_content\"><div class=\"cz_wpe_content\"><p style=\"text-align: center;\"><strong><span style=\"font-family: Montserrat; font-size: 36px; color: #666666;\"><span style=\"color: #000001;\">CONTACT US<\/span><\/span><\/strong><\/p>\n<\/div><\/div><\/div><div class=\"cz_gap clr  hide_on_mobile\" style=\"height: 85px\"><\/div><div class=\"cz_gap show_on_mobile clr\" style=\"height: 85px\"><\/div><\/div><\/div><\/div><\/div><div class=\"vc_row wpb_row vc_row-fluid\"><div class=\"wpb_column vc_column_container vc_col-sm-12\"><div class=\"vc_column-inner\"><div class=\"wpb_wrapper\"><div class=\"cz_gap clr  hide_on_mobile\" style=\"height: 20px\"><\/div><div class=\"cz_gap show_on_mobile clr\" style=\"height: 10px\"><\/div><\/div><\/div><\/div><\/div><div class=\"vc_row wpb_row vc_row-fluid\"><div class=\"wpb_column vc_column_container vc_col-sm-3\"><div class=\"vc_column-inner\"><div class=\"wpb_wrapper\"><div id=\"cz_50016\" class=\"cz_50016 services clr style1 cz_sbi_fx_1 services_b\"><div class=\"service_custom\"><i class=\"fa czico-170-location\"><\/i><\/div><div class=\"service_text\"><h3>Address<\/h3><div class=\"cz_wpe_content\"><span style=\"font-size: 13px;\">Cemalpa\u015fa Mah.63005 Sokak No :27 Ayd\u0131no\u011flu \u0130\u015f Merkezi Kat :9\/92, 01100 Seyhan\/Adana\/T\u00dcRK\u0130YE<\/span><\/div><\/div><\/div><\/div><\/div><\/div><div class=\"wpb_column vc_column_container vc_col-sm-3\"><div class=\"vc_column-inner\"><div class=\"wpb_wrapper\"><a href=\"tel:+903224561100\"><div id=\"cz_84157\" class=\"cz_84157 services clr style1 cz_sbi_fx_1 services_b\"><div class=\"service_custom\"><i class=\"fas fa-phone\"><\/i><\/div><div class=\"service_text\"><h3>Phone<\/h3><div class=\"cz_wpe_content\">+90 (322) 456 11 00<\/div><\/div><\/div><\/a><\/div><\/div><\/div><div class=\"wpb_column vc_column_container vc_col-sm-3\"><div class=\"vc_column-inner\"><div class=\"wpb_wrapper\"><a href=\"tel:+905435050593\"><div id=\"cz_80225\" class=\"cz_80225 services clr style1 cz_sbi_fx_1 services_b\"><div class=\"service_custom\"><i class=\"fas fa-phone\"><\/i><\/div><div class=\"service_text\"><h3>Phone<\/h3><div class=\"cz_wpe_content\">+90 (543) 505 05 93<\/div><\/div><\/div><\/a><\/div><\/div><\/div><div class=\"wpb_column vc_column_container vc_col-sm-3\"><div class=\"vc_column-inner\"><div class=\"wpb_wrapper\"><a href=\"mailto:av.canserbetci@gmail.com\"><div id=\"cz_89613\" class=\"cz_89613 services clr style1 cz_sbi_fx_1 services_b\"><div class=\"service_custom\"><i class=\"fa fa-envelope\"><\/i><\/div><div class=\"service_text\"><h3>E-Mail<\/h3><div class=\"cz_wpe_content\">av.canserbetci@gmail.com<\/div><\/div><\/div><\/a><\/div><\/div><\/div><\/div><div class=\"vc_row wpb_row vc_row-fluid\"><div class=\"wpb_column vc_column_container vc_col-sm-12\"><div class=\"vc_column-inner\"><div class=\"wpb_wrapper\"><div class=\"cz_gap clr\" style=\"height: 60px\"><\/div><\/div><\/div><\/div><\/div><div class=\"vc_row wpb_row vc_row-fluid vc_custom_1497126171788 vc_row-has-fill\"><div class=\"wpb_column vc_column_container vc_col-sm-12 vc_col-lg-6\"><div class=\"vc_column-inner\"><div class=\"wpb_wrapper\"><div id=\"cz_58958\" class=\"cz_58958 cz_title clr cz_title_pos_inline\"><div class=\"cz_title_shape shape_text cz_shape_1\">C<\/div><div class=\"cz_title_content\"><div class=\"cz_wpe_content\"><h5><span style=\"font-size: 38px; color: #000001;\">Contact Form<\/span><\/h5>\n<\/div><\/div><\/div><div class=\"cz_gap clr\" style=\"height: 30px\"><\/div>\n\t<div class=\"wpb_text_column wpb_content_element\" >\n\t\t<div class=\"wpb_wrapper\">\n\t\t\t<div id=\"quform-b456cd\" class=\"quform quform-1 quform-theme-minimal quform-support-page-caching\"><form id=\"quform-form-b456cd\" class=\"quform-form quform-form-1\" action=\"\/en\/wp-json\/wp\/v2\/pages\/601#quform-b456cd\" method=\"post\" enctype=\"multipart\/form-data\" novalidate=\"novalidate\" data-options=\"{&quot;id&quot;:1,&quot;uniqueId&quot;:&quot;b456cd&quot;,&quot;theme&quot;:&quot;minimal&quot;,&quot;ajax&quot;:true,&quot;logic&quot;:{&quot;logic&quot;:[],&quot;dependents&quot;:[],&quot;elementIds&quot;:[],&quot;dependentElementIds&quot;:[],&quot;animate&quot;:true},&quot;currentPageId&quot;:1,&quot;errorsIcon&quot;:&quot;&quot;,&quot;updateFancybox&quot;:true,&quot;hasPages&quot;:false,&quot;pages&quot;:[1],&quot;pageProgressType&quot;:&quot;numbers&quot;,&quot;tooltipsEnabled&quot;:true,&quot;tooltipClasses&quot;:&quot;qtip-quform-dark qtip-shadow&quot;,&quot;tooltipMy&quot;:&quot;left center&quot;,&quot;tooltipAt&quot;:&quot;right center&quot;,&quot;isRtl&quot;:false,&quot;scrollOffset&quot;:-50,&quot;scrollSpeed&quot;:800}\" data-trp-original-action=\"\/en\/wp-json\/wp\/v2\/pages\/601#quform-b456cd\"><button class=\"quform-default-submit\" name=\"quform_submit\" type=\"submit\" value=\"submit\" aria-hidden=\"true\" tabindex=\"-1\"><\/button><div class=\"quform-form-inner quform-form-inner-1\"><input type=\"hidden\" name=\"quform_form_id\" value=\"1\" \/><input type=\"hidden\" name=\"quform_form_uid\" value=\"b456cd\" \/><input type=\"hidden\" name=\"quform_count\" value=\"1\" \/><input type=\"hidden\" name=\"form_url\" value=\"https:\/\/www.canserbetcihukuk.com\/en\/wp-json\/wp\/v2\/pages\/601\" \/><input type=\"hidden\" name=\"referring_url\" value=\"\" \/><input type=\"hidden\" name=\"post_id\" value=\"\" \/><input type=\"hidden\" name=\"post_title\" value=\"\" \/><input type=\"hidden\" name=\"quform_current_page_id\" value=\"1\" \/><input type=\"hidden\" name=\"quform_csrf_token\" value=\"Axp4AONsQxKCw51HyzMMTMjMCodQehvcuOTmgGA8\" \/><div class=\"quform-elements quform-elements-1 quform-cf quform-responsive-elements-phone-landscape\"><div class=\"quform-element quform-element-page quform-page-1 quform-page-1_1 quform-cf quform-group-style-plain quform-first-page quform-last-page quform-current-page\"><div class=\"quform-child-elements\"><div class=\"quform-element quform-element-row quform-element-row-1_3 quform-2-columns quform-element-row-size-fixed quform-responsive-columns-phone-landscape\"><div class=\"quform-element quform-element-column quform-element-1_4\"><div class=\"quform-element quform-element-text quform-element-1_6 quform-cf quform-labels-inside quform-element-required\"><div class=\"quform-spacer\"><div class=\"quform-label quform-label-1_6\"><label class=\"quform-label-text\" for=\"quform_1_6_b456cd\">Name and Surname<span class=\"quform-required\">*<\/span><\/label><\/div><div class=\"quform-inner quform-inner-text quform-inner-1_6\"><div class=\"quform-input quform-input-text quform-input-1_6 quform-cf\"><input type=\"text\" id=\"quform_1_6_b456cd\" name=\"quform_1_6\" class=\"quform-field quform-field-text quform-field-1_6\" \/><\/div><\/div><\/div><\/div><\/div><div class=\"quform-element quform-element-column quform-element-1_5\"><div class=\"quform-element quform-element-email quform-element-1_7 quform-cf quform-labels-inside quform-element-required\"><div class=\"quform-spacer\"><div class=\"quform-label quform-label-1_7\"><label class=\"quform-label-text\" for=\"quform_1_7_b456cd\">Your E-Mail Address<span class=\"quform-required\">*<\/span><\/label><\/div><div class=\"quform-inner quform-inner-email quform-inner-1_7\"><div class=\"quform-input quform-input-email quform-input-1_7 quform-cf\"><input type=\"email\" id=\"quform_1_7_b456cd\" name=\"quform_1_7\" class=\"quform-field quform-field-email quform-field-1_7\" \/><\/div><\/div><\/div><\/div><\/div><\/div><div class=\"quform-element quform-element-text quform-element-1_8 quform-cf quform-labels-inside quform-element-required\"><div class=\"quform-spacer\"><div class=\"quform-label quform-label-1_8\"><label class=\"quform-label-text\" for=\"quform_1_8_b456cd\">Subject<span class=\"quform-required\">*<\/span><\/label><\/div><div class=\"quform-inner quform-inner-text quform-inner-1_8\"><div class=\"quform-input quform-input-text quform-input-1_8 quform-cf\"><input type=\"text\" id=\"quform_1_8_b456cd\" name=\"quform_1_8\" class=\"quform-field quform-field-text quform-field-1_8\" \/><\/div><\/div><\/div><\/div><div class=\"quform-element quform-element-textarea quform-element-1_9 quform-cf quform-labels-inside quform-element-required\"><div class=\"quform-spacer\"><div class=\"quform-label quform-label-1_9\"><label class=\"quform-label-text\" for=\"quform_1_9_b456cd\">Your Message<span class=\"quform-required\">*<\/span><\/label><\/div><div class=\"quform-inner quform-inner-textarea quform-inner-1_9\"><div class=\"quform-input quform-input-textarea quform-input-1_9 quform-cf\"><textarea id=\"quform_1_9_b456cd\" name=\"quform_1_9\" class=\"quform-field quform-field-textarea quform-field-1_9\"><\/textarea><\/div><\/div><\/div><\/div><div class=\"quform-element quform-element-captcha quform-element-1_10 quform-cf quform-labels-inside quform-element-required\"><div class=\"quform-spacer\"><div class=\"quform-label quform-label-1_10\"><label class=\"quform-label-text\" for=\"quform_1_10_b456cd\">Please write the characters<span class=\"quform-required\">*<\/span><\/label><\/div><div class=\"quform-inner quform-inner-captcha quform-inner-1_10\"><div class=\"quform-input quform-input-captcha quform-input-1_10 quform-cf\"><input type=\"text\" id=\"quform_1_10_b456cd\" name=\"quform_1_10\" class=\"quform-field quform-field-captcha quform-field-1_10\" \/><\/div><div class=\"quform-captcha quform-cf\"><div class=\"quform-captcha-image quform-captcha-image-1_10\"><img decoding=\"async\" class=\"quform-captcha-image-img\" src=\"data:image\/png;base64,iVBORw0KGgoAAAANSUhEUgAAAOYAAABQBAMAAAD\/1xTgAAAAG1BMVEX\/\/\/8iIiLj4+OQkJBZWVk9PT2srKx0dHTHx8cL1llGAAAACXBIWXMAAA7EAAAOxAGVKw4bAAAD7UlEQVRoge1XS1faQBSOQ4xZOoWIy3CqhSXxvWzqo10ai9ol6FG7bHq0dhmkhf7szp33DE8VXM23gOROuN993+B5Dg4ODg4ODg4ODg4OC8P97zenLGFcbc9ZJ9ppbU06X8YEv+bL2SEqf4qbu6PPB9Z5DThx5WpOdIM0OrwFjVHMBAncfDUfojKCk3gelH+xxKku+ORdF+qpFH8bZPNytaQo8RoIQn4T1fE7+RTCuOmFu\/Tgy2hFvaeZOTucolwnlQmCmrAgw+u6ZTHopa62R+khplZGHgwDCYZohfCCJIUC7efSbwofV+h3oFIwzIlb55OLXzmAt7wB+dzD+IxrhW8gVX4uM34E0qggV\/3tg401Q9MgpbY3p3P6TDOJ8OlupWCCCA6I21o+fXadCK00sxVTFW1hlp\/JIA\/+YO5yghq\/QkYQ0UObfN5g3sU+rm5nzDaFGo6u3mejs21zNhkDD2TCjKB5\/Wg+uyGrNscFBMQ87oKKrv2jEfB5BmTBkIwVJrlAHSgv4CqEakM2Z4fQBcnoCtMRpCyCofRThiyxmiKAPqnGcLmCV6l1saErJ893bUOHgVKedV\/mU5ZGIhyWKskRk\/g0gB2LMyX3XTlAx8JnM9QLZfKQrLwEmzq1TlimznRNmzwIULjfnkIJoZBoC86y8EvVZe+A+cl6k3CCgTWTE9m9MwYJjgacUvxA+pkqHRsw8cMdLFrWpzVQM\/MdztKa1JeyWCNnkrNikdO2ASHalfNilXIaM6eEzbk0wc8YsaDFUn\/EzZY66JCFc3i0Sc\/gqGtyrmijchLI0KleoQd9JYhyLalx6wtOGIir1DCwK9fbIny8YUdTQZfnYYG01dflFVxT43ZJjVHufJfQBcacgmFbnmmdh3QfRvoC8rn+FEu7CX2LvyulrKpDHD1mBifrumI6JUp50WqrP2S3f7QRv6Q2VM4dpnPQGHO9+3Hb3IRqT40U9lV0DEKRLl9pz0T3Nm6\/D6wEouvH6ZREA9eur1pfGiJkgUxnqL87lPD6vxlITIR0ZqPrzFy1uTmZPJrbprBH7vF6OlswTZR4maDEcJQuEKMiNsVCybW1kZvheSYnzaF6D\/EC0rCXuTbiEbGiTCJygzUhGHoZe89EIOe5umJoPIEb6n4T6uoI\/FfpDHvpyXMZ2SuP7Dt7QKfG605i19WLASlhf0CyIc7MWE2IF9bFaynZ22FlL4YJYMQW3TYsiXcHkbX+OL0Ecg5ho4b4sChbD\/dvZ\/9HMgGlDI9MFLOltZi\/85LUTKeQxgshDR+o8qhtSEWZFgvh9LwPO8fnh5by4D5boJ9j0d8f7p83QKN4e04HBwcHh9fgP3ero7S0Sup+AAAAAElFTkSuQmCC\" alt=\"CAPTCHA image\" data-element-id=\"10\" width=\"115\" height=\"40\" \/><\/div><\/div><p class=\"quform-description quform-description-below\">This will help us prevent spam, thanks.<\/p><\/div><\/div><\/div><div class=\"quform-element quform-element-html quform-element-1_11 quform-cf\"><div class=\"quform-spacer\"><input class=\"checkbox-form\" required=\"\" type=\"checkbox\" \/> \u201c<a href=\"https:\/\/www.canserbetcihukuk.com\/en\/demo\/gizlilik-politikasi-ve-kvkk-aydinlatma-metni\/\">I have read and understood the \"Privacy Policy and KVKK Clarification Text\".<\/a>I consent to the processing of my data as specified in the clarification text.<\/div><\/div><div class=\"quform-element quform-element-submit quform-element-1_2 quform-cf quform-button-style-theme quform-button-size-medium quform-button-width-medium\"><div class=\"quform-button-submit quform-button-submit-default quform-button-submit-1_2\"><button name=\"quform_submit\" type=\"submit\" class=\"quform-submit\" value=\"submit\"><span class=\"quform-button-text quform-button-submit-text\">Send<\/span><\/button><\/div><div class=\"quform-loading quform-loading-position-left quform-loading-type-spinner-1\"><div class=\"quform-loading-inner\"><div class=\"quform-loading-spinner\"><div class=\"quform-loading-spinner-inner\"><\/div><\/div><\/div><\/div><\/div><div class=\"quform-element-tree\"><label for=\"quform_1_0_b456cd\">This field should be left blank<\/label><input type=\"text\" id=\"quform_1_0_b456cd\" name=\"quform_1_0\" class=\"quform-field quform-field-tree quform-field-1_0\" tabindex=\"-1\" autocomplete=\"off\" \/><\/div><\/div><\/div><\/div><\/div><input type=\"hidden\" name=\"trp-form-language\" value=\"en\"\/><\/form><\/div>\n\n\t\t<\/div>\n\t<\/div>\n<div class=\"cz_gap clr  hide_on_tablet hide_on_mobile\" style=\"height: 1px\"><\/div><div class=\"cz_gap show_on_tablet clr\" style=\"height: 50px\"><\/div><\/div><\/div><\/div><div class=\"wpb_column vc_column_container vc_col-sm-12 vc_col-lg-6\"><div class=\"vc_column-inner\"><div class=\"wpb_wrapper\"><div id=\"cz_27998\" class=\"cz_27998 cz_title clr cz_title_pos_inline\"><div class=\"cz_title_shape shape_text cz_shape_1\">C<\/div><div class=\"cz_title_content\"><div class=\"cz_wpe_content\"><h5><span style=\"font-size: 38px; color: #000001;\">Location<\/span><\/h5>\n<\/div><\/div><\/div><div class=\"cz_gap clr\" style=\"height: 30px\"><\/div><div class=\"wpb_gmaps_widget wpb_content_element\"><div class=\"wpb_wrapper\"><div class=\"wpb_map_wraper\"><iframe src=\"https:\/\/www.google.com\/maps\/embed?pb=!1m18!1m12!1m3!1d3186.293658895978!2d35.3242072!3d37.0027901!2m3!1f0!2f0!3f0!3m2!1i1024!2i768!4f13.1!3m3!1m2!1s0x15288f673ace916b%3A0x5a56f22203038e52!2zQ2FuIMWeZXJiZXTDp2kgSHVrdWsgdmUgRGFuxLHFn21hbmzEsWsgQsO8cm9zdQ!5e0!3m2!1str!2str!4v1745740236059!5m2!1str!2str\" width=\"600\" height=\"450\" style=\"border:0;\" allowfullscreen=\"\" loading=\"lazy\" referrerpolicy=\"no-referrer-when-downgrade\"><\/iframe><\/div><\/div><\/div><\/div><\/div><\/div><\/div><div class=\"vc_row wpb_row vc_row-fluid\"><div class=\"wpb_column vc_column_container vc_col-sm-12\"><div class=\"vc_column-inner\"><div class=\"wpb_wrapper\"><div class=\"cz_gap clr\" style=\"height: 100px\"><\/div><\/div><\/div><\/div><\/div>\n<\/div>","protected":false},"excerpt":{"rendered":"\u0130LET\u0130\u015e\u0130M AdresCemalpa\u015fa Mah.63005 Sokak No :27 Ayd\u0131no\u011flu \u0130\u015f Merkezi Kat :9\/92, 01100 Seyhan\/Adana\/T\u00dcRK\u0130YETelefon+90 (322) 456 11 00Telefon+90 (543) 505 05","protected":false},"author":1,"featured_media":0,"parent":0,"menu_order":0,"comment_status":"closed","ping_status":"closed","template":"","meta":{"footnotes":""},"class_list":["post-601","page","type-page","status-publish","hentry"],"_links":{"self":[{"href":"https:\/\/www.canserbetcihukuk.com\/en\/wp-json\/wp\/v2\/pages\/601","targetHints":{"allow":["GET"]}}],"collection":[{"href":"https:\/\/www.canserbetcihukuk.com\/en\/wp-json\/wp\/v2\/pages"}],"about":[{"href":"https:\/\/www.canserbetcihukuk.com\/en\/wp-json\/wp\/v2\/types\/page"}],"author":[{"embeddable":true,"href":"https:\/\/www.canserbetcihukuk.com\/en\/wp-json\/wp\/v2\/users\/1"}],"replies":[{"embeddable":true,"href":"https:\/\/www.canserbetcihukuk.com\/en\/wp-json\/wp\/v2\/comments?post=601"}],"version-history":[{"count":31,"href":"https:\/\/www.canserbetcihukuk.com\/en\/wp-json\/wp\/v2\/pages\/601\/revisions"}],"predecessor-version":[{"id":1093,"href":"https:\/\/www.canserbetcihukuk.com\/en\/wp-json\/wp\/v2\/pages\/601\/revisions\/1093"}],"wp:attachment":[{"href":"https:\/\/www.canserbetcihukuk.com\/en\/wp-json\/wp\/v2\/media?parent=601"}],"curies":[{"name":"wp","href":"https:\/\/api.w.org\/{rel}","templated":true}]}}