{"id":599,"date":"2024-02-02T08:03:48","date_gmt":"2024-02-02T08:03:48","guid":{"rendered":"https:\/\/www.canserbetcihukuk.com\/?page_id=599"},"modified":"2025-05-03T08:23:02","modified_gmt":"2025-05-03T08:23:02","slug":"kariyer","status":"publish","type":"page","link":"https:\/\/www.canserbetcihukuk.com\/en\/kariyer\/","title":{"rendered":"CAREER"},"content":{"rendered":"<div class=\"wpb-content-wrapper\"><div class=\"vc_row wpb_row vc_row-fluid\"><div class=\"wpb_column vc_column_container vc_col-sm-12\"><div class=\"vc_column-inner\"><div class=\"wpb_wrapper\"><div id=\"cz_43221\" class=\"cz_43221 cz_title clr cz_title_pos_inline tac\"><div class=\"cz_title_shape shape_image cz_shape_1\"><img decoding=\"async\" width=\"200\" height=\"154\" src=\"https:\/\/www.canserbetcihukuk.com\/wp-content\/uploads\/2025\/05\/baslik-logo-2.png\" class=\"attachment-full\" alt=\"\" title=\"baslik-logo\" srcset=\"https:\/\/www.canserbetcihukuk.com\/wp-content\/uploads\/2025\/05\/baslik-logo-2.png 200w, https:\/\/www.canserbetcihukuk.com\/wp-content\/uploads\/2025\/05\/baslik-logo-2-16x12.png 16w\" sizes=\"(max-width: 200px) 100vw, 200px\" \/><\/div><div class=\"cz_title_content\"><div class=\"cz_wpe_content\"><p style=\"text-align: center;\"><strong><span style=\"font-family: Montserrat; font-size: 36px; color: #666666;\"><span style=\"color: #000001;\">CAREER<\/span><\/span><\/strong><\/p>\n<\/div><\/div><\/div><div class=\"cz_gap clr  hide_on_mobile\" style=\"height: 85px\"><\/div><div class=\"cz_gap show_on_mobile clr\" style=\"height: 85px\"><\/div><\/div><\/div><\/div><\/div><div class=\"vc_row wpb_row vc_row-fluid\"><div class=\"wpb_column vc_column_container vc_col-sm-12\"><div class=\"vc_column-inner\"><div class=\"wpb_wrapper\"><div class=\"cz_gap clr  hide_on_mobile\" style=\"height: 20px\"><\/div><div class=\"cz_gap show_on_mobile clr\" style=\"height: 10px\"><\/div><\/div><\/div><\/div><\/div><div class=\"vc_row wpb_row vc_row-fluid vc_custom_1497126171788 vc_row-has-fill\"><div class=\"wpb_column vc_column_container vc_col-sm-12\"><div class=\"vc_column-inner\"><div class=\"wpb_wrapper\"><\/div><\/div><\/div><\/div><div class=\"vc_row wpb_row vc_row-fluid\"><div class=\"wpb_column vc_column_container vc_col-sm-2\"><div class=\"vc_column-inner\"><div class=\"wpb_wrapper\"><\/div><\/div><\/div><div class=\"wpb_column vc_column_container vc_col-sm-8\"><div class=\"vc_column-inner\"><div class=\"wpb_wrapper\"><div id=\"cz_100846\" class=\"cz_100846 cz_title clr cz_title_pos_center\"><div class=\"cz_title_shape shape_text cz_shape_1\">C<\/div><div class=\"cz_title_content\"><div class=\"cz_wpe_content\"><h5><span style=\"font-size: 20px; color: #000001;\">Application Form<\/span><\/h5>\n<\/div><\/div><\/div>\n\t<div class=\"wpb_text_column wpb_content_element\" >\n\t\t<div class=\"wpb_wrapper\">\n\t\t\t<p style=\"text-align: center;\"><span style=\"font-size: 17px;\">Applications must be submitted by filling out the form below, along with an updated CV and preferably an application letter.<\/span><\/p>\n\n\t\t<\/div>\n\t<\/div>\n\n\t<div class=\"wpb_text_column wpb_content_element\" >\n\t\t<div class=\"wpb_wrapper\">\n\t\t\t<div id=\"quform-004fe4\" class=\"quform quform-2 quform-theme-simple quform-support-page-caching\"><form id=\"quform-form-004fe4\" class=\"quform-form quform-form-2\" action=\"\/en\/wp-json\/wp\/v2\/pages\/599#quform-004fe4\" method=\"post\" enctype=\"multipart\/form-data\" novalidate=\"novalidate\" data-options=\"{&quot;id&quot;:2,&quot;uniqueId&quot;:&quot;004fe4&quot;,&quot;theme&quot;:&quot;simple&quot;,&quot;ajax&quot;:true,&quot;logic&quot;:{&quot;logic&quot;:[],&quot;dependents&quot;:[],&quot;elementIds&quot;:[],&quot;dependentElementIds&quot;:[],&quot;animate&quot;:true},&quot;currentPageId&quot;:1,&quot;errorsIcon&quot;:&quot;&quot;,&quot;updateFancybox&quot;:true,&quot;hasPages&quot;:false,&quot;pages&quot;:[1],&quot;pageProgressType&quot;:&quot;numbers&quot;,&quot;tooltipsEnabled&quot;:true,&quot;tooltipClasses&quot;:&quot;qtip-quform-dark qtip-shadow&quot;,&quot;tooltipMy&quot;:&quot;left center&quot;,&quot;tooltipAt&quot;:&quot;right center&quot;,&quot;isRtl&quot;:false,&quot;scrollOffset&quot;:-50,&quot;scrollSpeed&quot;:800}\" data-trp-original-action=\"\/en\/wp-json\/wp\/v2\/pages\/599#quform-004fe4\"><button class=\"quform-default-submit\" name=\"quform_submit\" type=\"submit\" value=\"submit\" aria-hidden=\"true\" tabindex=\"-1\"><\/button><div class=\"quform-form-inner quform-form-inner-2\"><input type=\"hidden\" name=\"quform_form_id\" value=\"2\" \/><input type=\"hidden\" name=\"quform_form_uid\" value=\"004fe4\" \/><input type=\"hidden\" name=\"quform_count\" value=\"1\" \/><input type=\"hidden\" name=\"form_url\" value=\"https:\/\/www.canserbetcihukuk.com\/en\/wp-json\/wp\/v2\/pages\/599\" \/><input type=\"hidden\" name=\"referring_url\" value=\"\" \/><input type=\"hidden\" name=\"post_id\" value=\"\" \/><input type=\"hidden\" name=\"post_title\" value=\"\" \/><input type=\"hidden\" name=\"quform_current_page_id\" value=\"1\" \/><input type=\"hidden\" name=\"quform_csrf_token\" value=\"Axp4AONsQxKCw51HyzMMTMjMCodQehvcuOTmgGA8\" \/><div class=\"quform-elements quform-elements-2 quform-cf quform-responsive-elements-phone-landscape\"><div class=\"quform-element quform-element-page quform-page-1 quform-page-2_1 quform-cf quform-group-style-plain quform-first-page quform-last-page quform-current-page\"><div class=\"quform-child-elements\"><div class=\"quform-element quform-element-row quform-element-row-2_7 quform-2-columns quform-element-row-size-fixed quform-responsive-columns-phone-landscape\"><div class=\"quform-element quform-element-column quform-element-2_8\"><div class=\"quform-element quform-element-text quform-element-2_15 quform-cf quform-labels-inside quform-element-required\"><div class=\"quform-spacer\"><div class=\"quform-label quform-label-2_15\"><label class=\"quform-label-text\" for=\"quform_2_15_004fe4\">Your Name &amp; Surname<span class=\"quform-required\">*<\/span><\/label><\/div><div class=\"quform-inner quform-inner-text quform-inner-2_15\"><div class=\"quform-input quform-input-text quform-input-2_15 quform-cf\"><input type=\"text\" id=\"quform_2_15_004fe4\" name=\"quform_2_15\" class=\"quform-field quform-field-text quform-field-2_15\" \/><\/div><\/div><\/div><\/div><\/div><div class=\"quform-element quform-element-column quform-element-2_9\"><div class=\"quform-element quform-element-email quform-element-2_4 quform-cf quform-labels-inside quform-element-required\"><div class=\"quform-spacer\"><div class=\"quform-label quform-label-2_4\"><label class=\"quform-label-text\" for=\"quform_2_4_004fe4\">Your E-Mail Address<span class=\"quform-required\">*<\/span><\/label><\/div><div class=\"quform-inner quform-inner-email quform-inner-2_4\"><div class=\"quform-input quform-input-email quform-input-2_4 quform-cf\"><input type=\"email\" id=\"quform_2_4_004fe4\" name=\"quform_2_4\" class=\"quform-field quform-field-email quform-field-2_4\" \/><\/div><\/div><\/div><\/div><\/div><\/div><div class=\"quform-element quform-element-row quform-element-row-2_10 quform-2-columns quform-element-row-size-fixed quform-responsive-columns-phone-landscape\"><div class=\"quform-element quform-element-column quform-element-2_11\"><div class=\"quform-element quform-element-text quform-element-2_5 quform-cf quform-labels-inside quform-element-required\"><div class=\"quform-spacer\"><div class=\"quform-label quform-label-2_5\"><label class=\"quform-label-text\" for=\"quform_2_5_004fe4\">Your Phone Number<span class=\"quform-required\">*<\/span><\/label><\/div><div class=\"quform-inner quform-inner-text quform-inner-2_5\"><div class=\"quform-input quform-input-text quform-input-2_5 quform-cf\"><input type=\"text\" id=\"quform_2_5_004fe4\" name=\"quform_2_5\" class=\"quform-field quform-field-text quform-field-2_5\" \/><\/div><\/div><\/div><\/div><\/div><div class=\"quform-element quform-element-column quform-element-2_12\"><div class=\"quform-element quform-element-text quform-element-2_13 quform-cf quform-labels-inside quform-element-required\"><div class=\"quform-spacer\"><div class=\"quform-label quform-label-2_13\"><label class=\"quform-label-text\" for=\"quform_2_13_004fe4\">The position you want to work in?<span class=\"quform-required\">*<\/span><\/label><\/div><div class=\"quform-inner quform-inner-text quform-inner-2_13\"><div class=\"quform-input quform-input-text quform-input-2_13 quform-cf\"><input type=\"text\" id=\"quform_2_13_004fe4\" name=\"quform_2_13\" class=\"quform-field quform-field-text quform-field-2_13\" \/><\/div><\/div><\/div><\/div><\/div><\/div><div class=\"quform-element quform-element-textarea quform-element-2_14 quform-cf quform-labels-inside quform-element-optional\"><div class=\"quform-spacer\"><div class=\"quform-label quform-label-2_14\"><label class=\"quform-label-text\" for=\"quform_2_14_004fe4\">What you would like to add<\/label><\/div><div class=\"quform-inner quform-inner-textarea quform-inner-2_14\"><div class=\"quform-input quform-input-textarea quform-input-2_14 quform-cf\"><textarea id=\"quform_2_14_004fe4\" name=\"quform_2_14\" class=\"quform-field quform-field-textarea quform-field-2_14\"><\/textarea><\/div><\/div><\/div><\/div><div class=\"quform-element quform-element-file quform-element-2_6 quform-cf quform-element-optional\"><div class=\"quform-spacer\"><div class=\"quform-label quform-label-2_6\"><label class=\"quform-label-text\" for=\"quform_2_6_004fe4\">Upload your own CV<\/label><\/div><div class=\"quform-inner quform-inner-file quform-inner-2_6\"><div class=\"quform-input quform-input-file quform-input-2_6 quform-cf quform-button-style-theme quform-button-size-medium\"><input type=\"file\" id=\"quform_2_6_004fe4\" name=\"quform_2_6[]\" class=\"quform-field quform-field-file quform-field-2_6 quform-field-file-enhanced\" data-config=\"{&quot;id&quot;:6,&quot;identifier&quot;:&quot;2_6&quot;,&quot;name&quot;:&quot;quform_2_6&quot;,&quot;max&quot;:1,&quot;size&quot;:10485760,&quot;allowedExtensions&quot;:[&quot;doc&quot;,&quot;docx&quot;,&quot;pdf&quot;,&quot;xls&quot;,&quot;jpg&quot;,&quot;jpeg&quot;],&quot;notAllowedTypeWithFilename&quot;:&quot;File type of &#039;%filename%&#039; is not allowed&quot;,&quot;tooBigWithFilename&quot;:&quot;File &#039;%filename%&#039; exceeds the maximum allowed file size&quot;,&quot;tooMany&quot;:&quot;You cannot upload more than %max% file(s)&quot;,&quot;buttonType&quot;:&quot;button&quot;,&quot;buttonText&quot;:&quot;Dosya Y\\u00fckle&quot;,&quot;buttonIcon&quot;:&quot;qicon-file_upload&quot;,&quot;buttonIconPosition&quot;:&quot;right&quot;}\" \/><\/div><p class=\"quform-description quform-description-below\">(Only .doc \/ .docx \/ .docx \/ .pdf \/ .xls \/ .jpg)<\/p><\/div><\/div><\/div><div class=\"quform-element quform-element-html quform-element-2_18 quform-cf\"><div class=\"quform-spacer\"><input class=\"checkbox-form\" required=\"\" type=\"checkbox\" \/> \u201c<a href=\"https:\/\/www.canserbetcihukuk.com\/en\/demo\/gizlilik-politikasi-ve-kvkk-aydinlatma-metni\/\">I have read and understood the \"Privacy Policy and KVKK Clarification Text\".<\/a>I consent to the processing of my data as specified in the clarification text.<\/div><\/div><div class=\"quform-element quform-element-submit quform-element-2_2 quform-cf quform-button-style-theme quform-button-size-medium\"><div class=\"quform-button-submit quform-button-submit-default quform-button-submit-2_2\"><button name=\"quform_submit\" type=\"submit\" class=\"quform-submit\" value=\"submit\"><span class=\"quform-button-text quform-button-submit-text\">Send<\/span><\/button><\/div><div class=\"quform-loading quform-loading-position-left quform-loading-type-spinner-1\"><div class=\"quform-loading-inner\"><div class=\"quform-loading-spinner\"><div class=\"quform-loading-spinner-inner\"><\/div><\/div><\/div><\/div><\/div><div class=\"quform-element-tree\"><label for=\"quform_2_0_004fe4\">This field should be left blank<\/label><input type=\"text\" id=\"quform_2_0_004fe4\" name=\"quform_2_0\" class=\"quform-field quform-field-tree quform-field-2_0\" tabindex=\"-1\" autocomplete=\"off\" \/><\/div><\/div><\/div><\/div><div class=\"quform-upload-progress-wrap\"><div class=\"quform-upload-progress-bar-wrap\"><div class=\"quform-upload-progress-bar\"><\/div><\/div><div class=\"quform-upload-info quform-cf\"><div class=\"quform-upload-filename\"><\/div><\/div><\/div><\/div><input type=\"hidden\" name=\"trp-form-language\" value=\"en\"\/><\/form><\/div>\n\n\t\t<\/div>\n\t<\/div>\n<div class=\"cz_gap clr\" style=\"height: 100px\"><\/div><\/div><\/div><\/div><div class=\"wpb_column vc_column_container vc_col-sm-2\"><div class=\"vc_column-inner\"><div class=\"wpb_wrapper\"><\/div><\/div><\/div><\/div>\n<\/div>","protected":false},"excerpt":{"rendered":"KAR\u0130YER CBa\u015fvuru Formu Ba\u015fvurular\u0131n a\u015fa\u011f\u0131daki form doldurularak, g\u00fcncellenmi\u015f \u00f6zge\u00e7mi\u015f ve tercihen ba\u015fvuru mektubu ile iletilmesi gerekmektedir. Ad\u0131n\u0131z &amp; Soyad\u0131n\u0131z*E-posta Adresiniz*Telefon","protected":false},"author":1,"featured_media":0,"parent":0,"menu_order":0,"comment_status":"closed","ping_status":"closed","template":"","meta":{"footnotes":""},"class_list":["post-599","page","type-page","status-publish","hentry"],"_links":{"self":[{"href":"https:\/\/www.canserbetcihukuk.com\/en\/wp-json\/wp\/v2\/pages\/599","targetHints":{"allow":["GET"]}}],"collection":[{"href":"https:\/\/www.canserbetcihukuk.com\/en\/wp-json\/wp\/v2\/pages"}],"about":[{"href":"https:\/\/www.canserbetcihukuk.com\/en\/wp-json\/wp\/v2\/types\/page"}],"author":[{"embeddable":true,"href":"https:\/\/www.canserbetcihukuk.com\/en\/wp-json\/wp\/v2\/users\/1"}],"replies":[{"embeddable":true,"href":"https:\/\/www.canserbetcihukuk.com\/en\/wp-json\/wp\/v2\/comments?post=599"}],"version-history":[{"count":8,"href":"https:\/\/www.canserbetcihukuk.com\/en\/wp-json\/wp\/v2\/pages\/599\/revisions"}],"predecessor-version":[{"id":1047,"href":"https:\/\/www.canserbetcihukuk.com\/en\/wp-json\/wp\/v2\/pages\/599\/revisions\/1047"}],"wp:attachment":[{"href":"https:\/\/www.canserbetcihukuk.com\/en\/wp-json\/wp\/v2\/media?parent=599"}],"curies":[{"name":"wp","href":"https:\/\/api.w.org\/{rel}","templated":true}]}}